{"id":710,"date":"2022-09-27T14:27:34","date_gmt":"2022-09-27T14:27:34","guid":{"rendered":"https:\/\/abiutiendaonline.com\/home\/?page_id=710"},"modified":"2022-09-27T14:29:15","modified_gmt":"2022-09-27T14:29:15","slug":"como-comprar","status":"publish","type":"page","link":"https:\/\/abiutiendaonline.com\/home\/como-comprar\/","title":{"rendered":"Como Comprar?"},"content":{"rendered":"\t\t<div data-elementor-type=\"wp-page\" data-elementor-id=\"710\" class=\"elementor elementor-710\" data-elementor-settings=\"[]\">\n\t\t\t\t\t\t\t<div class=\"elementor-section-wrap\">\n\t\t\t\t\t\t\t<section class=\"elementor-section elementor-top-section elementor-element elementor-element-5653eb9 elementor-section-boxed elementor-section-height-default elementor-section-height-default\" data-id=\"5653eb9\" data-element_type=\"section\">\n\t\t\t\t\t\t<div class=\"elementor-container elementor-column-gap-default\">\n\t\t\t\t\t<div class=\"elementor-column elementor-col-100 elementor-top-column elementor-element elementor-element-ca6d1fb\" data-id=\"ca6d1fb\" data-element_type=\"column\">\n\t\t\t<div class=\"elementor-widget-wrap\">\n\t\t\t\t\t\t\t\t\t<\/div>\n\t\t<\/div>\n\t\t\t\t\t\t\t<\/div>\n\t\t<\/section>\n\t\t\t\t<section class=\"elementor-section elementor-top-section elementor-element elementor-element-9213017 elementor-section-boxed elementor-section-height-default elementor-section-height-default\" data-id=\"9213017\" data-element_type=\"section\">\n\t\t\t\t\t\t<div class=\"elementor-container elementor-column-gap-default\">\n\t\t\t\t\t<div class=\"elementor-column elementor-col-100 elementor-top-column elementor-element elementor-element-66e34b5\" data-id=\"66e34b5\" data-element_type=\"column\">\n\t\t\t<div class=\"elementor-widget-wrap elementor-element-populated\">\n\t\t\t\t\t\t\t\t<div class=\"elementor-element elementor-element-23443da elementor-widget elementor-widget-heading\" data-id=\"23443da\" data-element_type=\"widget\" data-widget_type=\"heading.default\">\n\t\t\t\t<div class=\"elementor-widget-container\">\n\t\t\t<h2 class=\"elementor-heading-title elementor-size-default\"><b>Como Comprar<\/b><\/h2>\t\t<\/div>\n\t\t\t\t<\/div>\n\t\t\t\t\t<\/div>\n\t\t<\/div>\n\t\t\t\t\t\t\t<\/div>\n\t\t<\/section>\n\t\t\t\t<section class=\"elementor-section elementor-top-section elementor-element elementor-element-28fdc4d elementor-section-boxed elementor-section-height-default elementor-section-height-default\" data-id=\"28fdc4d\" data-element_type=\"section\">\n\t\t\t\t\t\t<div class=\"elementor-container elementor-column-gap-default\">\n\t\t\t\t\t<div class=\"elementor-column elementor-col-100 elementor-top-column elementor-element elementor-element-fb3071e\" data-id=\"fb3071e\" data-element_type=\"column\">\n\t\t\t<div class=\"elementor-widget-wrap elementor-element-populated\">\n\t\t\t\t\t\t\t\t<div class=\"elementor-element elementor-element-af1b168 elementor-widget elementor-widget-text-editor\" data-id=\"af1b168\" data-element_type=\"widget\" data-widget_type=\"text-editor.default\">\n\t\t\t\t<div class=\"elementor-widget-container\">\n\t\t\t\t\t\t\t\t<p>Comprar en www.abiutiendaonline.com es muy f\u00e1cil y seguro. A continuaci\u00f3n, te brindamos informaci\u00f3n\u00a0 importante que te ayudar\u00e1 al momento de realizar tu compra y un v\u00eddeo donde podr\u00e1s ver lo f\u00e1cil que es comprar en nuestra p\u00e1gina. Recuerda que tambi\u00e9n puedes escribir tus dudas y preguntas al Whapsapp 312 4681462.<\/p><p>\u00a0<\/p>\t\t\t\t\t\t<\/div>\n\t\t\t\t<\/div>\n\t\t\t\t\t<\/div>\n\t\t<\/div>\n\t\t\t\t\t\t\t<\/div>\n\t\t<\/section>\n\t\t\t\t<section class=\"elementor-section elementor-top-section elementor-element elementor-element-0e9fe36 elementor-section-boxed elementor-section-height-default elementor-section-height-default\" data-id=\"0e9fe36\" data-element_type=\"section\">\n\t\t\t\t\t\t<div class=\"elementor-container elementor-column-gap-default\">\n\t\t\t\t\t<div class=\"elementor-column elementor-col-33 elementor-top-column elementor-element elementor-element-0d44ab5\" data-id=\"0d44ab5\" data-element_type=\"column\">\n\t\t\t<div class=\"elementor-widget-wrap\">\n\t\t\t\t\t\t\t\t\t<\/div>\n\t\t<\/div>\n\t\t\t\t<div class=\"elementor-column elementor-col-33 elementor-top-column elementor-element elementor-element-c3f52c3\" data-id=\"c3f52c3\" data-element_type=\"column\">\n\t\t\t<div class=\"elementor-widget-wrap elementor-element-populated\">\n\t\t\t\t\t\t\t\t<div class=\"elementor-element elementor-element-d40ce7a elementor-aspect-ratio-169 elementor-widget elementor-widget-video\" data-id=\"d40ce7a\" data-element_type=\"widget\" data-settings=\"{&quot;video_type&quot;:&quot;hosted&quot;,&quot;autoplay&quot;:&quot;yes&quot;,&quot;play_on_mobile&quot;:&quot;yes&quot;,&quot;controls&quot;:&quot;yes&quot;,&quot;aspect_ratio&quot;:&quot;169&quot;}\" data-widget_type=\"video.default\">\n\t\t\t\t<div class=\"elementor-widget-container\">\n\t\t\t\t\t<div class=\"e-hosted-video elementor-wrapper elementor-fit-aspect-ratio elementor-open-inline\">\n\t\t\t\t\t<video class=\"elementor-video\" src=\"https:\/\/abiutiendaonline.com\/wp-content\/uploads\/2020\/06\/Prueba-1-como-comprar-en-abiu.mp4\" autoplay=\"\" controls=\"\" playsinline=\"\" controlsList=\"nodownload\"><\/video>\n\t\t\t\t<\/div>\n\t\t\t\t<\/div>\n\t\t\t\t<\/div>\n\t\t\t\t\t<\/div>\n\t\t<\/div>\n\t\t\t\t<div class=\"elementor-column elementor-col-33 elementor-top-column elementor-element elementor-element-2ef59a7\" data-id=\"2ef59a7\" data-element_type=\"column\">\n\t\t\t<div class=\"elementor-widget-wrap\">\n\t\t\t\t\t\t\t\t\t<\/div>\n\t\t<\/div>\n\t\t\t\t\t\t\t<\/div>\n\t\t<\/section>\n\t\t\t\t<section class=\"elementor-section elementor-top-section elementor-element elementor-element-32464a7 elementor-section-boxed elementor-section-height-default elementor-section-height-default\" data-id=\"32464a7\" data-element_type=\"section\">\n\t\t\t\t\t\t<div class=\"elementor-container elementor-column-gap-default\">\n\t\t\t\t\t<div class=\"elementor-column elementor-col-100 elementor-top-column elementor-element elementor-element-6dfdfaf\" data-id=\"6dfdfaf\" data-element_type=\"column\">\n\t\t\t<div class=\"elementor-widget-wrap elementor-element-populated\">\n\t\t\t\t\t\t\t\t<div class=\"elementor-element elementor-element-05c16a8 elementor-widget elementor-widget-text-editor\" data-id=\"05c16a8\" data-element_type=\"widget\" data-widget_type=\"text-editor.default\">\n\t\t\t\t<div class=\"elementor-widget-container\">\n\t\t\t\t\t\t\t\t<ul><li>Registrate en nuestro sitio, de esta manera tendr\u00e1s tu propia cuenta, lo cual te permitir\u00e1 tener un record de tus compras y el estado de cada una de ellas.<\/li><\/ul><ul><li>En el men\u00fa principal encontraras diferentes categor\u00edas como lo son \u2013 ropa \u2013 outfits \u2013 rebajas &#8211; Zapatos etc.<\/li><li>Escoge la opci\u00f3n en la que estas interesad, por Ej: Ropa &#8211; Faldas.<\/li><\/ul><ul><li>Escoge la prenda que m\u00e1s te guste y que quieras comprar y dale click.<\/li><\/ul><ul><li>Revisa muy bien toda la informaci\u00f3n del producto, tallas, colores, especificaciones y medidas, de esta forma podr\u00e1s estar m\u00e1s segura\u00a0 del producto que vas a comprar.<\/li><\/ul><ul><li>Escoge la talla y pon la cantidad.<\/li><li>Dale click en agregar al carrito de compras.<\/li><li>Despu\u00e9s de agregar tu primer producto al carrito de compras, puedes continuar comprando si es lo que deseas, solo le das click en seguir comprando y los productos que vas escogiendo van a ir a una bolsa virtual (carrito de compras), si por el contrario decides no continuar comprando\u00a0 le das click en finalizar compra.<\/li><li>Si tienes un cup\u00f3n de descuento lo puedes agregar donde dice c\u00f3digo de cup\u00f3n y le das aplicar.<\/li><\/ul><ul><li>Revisa muy bien tu orden (art\u00edculo, color, talla, cantidad y precio) si ya estas segura de que tu compra esta en orden dale click en el bot\u00f3n finalizar compras<\/li><li>Diligencia toda la informaci\u00f3n de facturaci\u00f3n y env\u00edo (es importante poner todos los datos correctos, de lo contrario esto podr\u00eda causar inconvenientes a la hora de la entrega)<\/li><\/ul><ul><li>Escoge el medio de pago que te quede m\u00e1s c\u00f3modo.<\/li><\/ul><ul><li>Aceptas las condiciones y t\u00e9rminos de la web.<\/li><li>Le das click en realizar pedido.<\/li><\/ul><ul><li>Una vez realizado este proceso y la confirmaci\u00f3n del pago, recibir\u00e1s un correo electr\u00f3nico (no mayor a 24 horas) con tu orden de compra.<\/li><\/ul><ul><li>Espera a recibir en la puerta de tu casa tu pedido y a disfrutarlo!<\/li><\/ul>\t\t\t\t\t\t<\/div>\n\t\t\t\t<\/div>\n\t\t\t\t\t<\/div>\n\t\t<\/div>\n\t\t\t\t\t\t\t<\/div>\n\t\t<\/section>\n\t\t\t\t\t\t<\/div>\n\t\t\t\t\t<\/div>\n\t\t","protected":false},"excerpt":{"rendered":"<p>Como Comprar Comprar en www.abiutiendaonline.com es muy f\u00e1cil y seguro. A continuaci\u00f3n, te brindamos informaci\u00f3n\u00a0 importante que te ayudar\u00e1 al momento de realizar tu compra y un v\u00eddeo donde podr\u00e1s ver lo f\u00e1cil que es comprar en nuestra p\u00e1gina. Recuerda que tambi\u00e9n puedes escribir tus dudas y preguntas al Whapsapp&hellip; <\/p>\n","protected":false},"author":1,"featured_media":0,"parent":0,"menu_order":0,"comment_status":"closed","ping_status":"closed","template":"elementor_canvas","meta":{"_monsterinsights_skip_tracking":false,"_monsterinsights_sitenote_active":false,"_monsterinsights_sitenote_note":"","_monsterinsights_sitenote_category":0,"footnotes":""},"class_list":["post-710","page","type-page","status-publish","hentry"],"_links":{"self":[{"href":"https:\/\/abiutiendaonline.com\/home\/wp-json\/wp\/v2\/pages\/710","targetHints":{"allow":["GET"]}}],"collection":[{"href":"https:\/\/abiutiendaonline.com\/home\/wp-json\/wp\/v2\/pages"}],"about":[{"href":"https:\/\/abiutiendaonline.com\/home\/wp-json\/wp\/v2\/types\/page"}],"author":[{"embeddable":true,"href":"https:\/\/abiutiendaonline.com\/home\/wp-json\/wp\/v2\/users\/1"}],"replies":[{"embeddable":true,"href":"https:\/\/abiutiendaonline.com\/home\/wp-json\/wp\/v2\/comments?post=710"}],"version-history":[{"count":4,"href":"https:\/\/abiutiendaonline.com\/home\/wp-json\/wp\/v2\/pages\/710\/revisions"}],"predecessor-version":[{"id":714,"href":"https:\/\/abiutiendaonline.com\/home\/wp-json\/wp\/v2\/pages\/710\/revisions\/714"}],"wp:attachment":[{"href":"https:\/\/abiutiendaonline.com\/home\/wp-json\/wp\/v2\/media?parent=710"}],"curies":[{"name":"wp","href":"https:\/\/api.w.org\/{rel}","templated":true}]}}