{"id":715,"date":"2022-09-27T14:32:12","date_gmt":"2022-09-27T14:32:12","guid":{"rendered":"https:\/\/abiutiendaonline.com\/home\/?page_id=715"},"modified":"2022-09-27T14:32:47","modified_gmt":"2022-09-27T14:32:47","slug":"preguntas-frecuentes","status":"publish","type":"page","link":"https:\/\/abiutiendaonline.com\/home\/preguntas-frecuentes\/","title":{"rendered":"Preguntas Frecuentes"},"content":{"rendered":"\t\t<div data-elementor-type=\"wp-page\" data-elementor-id=\"715\" class=\"elementor elementor-715\" data-elementor-settings=\"[]\">\n\t\t\t\t\t\t\t<div class=\"elementor-section-wrap\">\n\t\t\t\t\t\t\t<section class=\"elementor-section elementor-top-section elementor-element elementor-element-925cdbd elementor-section-boxed elementor-section-height-default elementor-section-height-default\" data-id=\"925cdbd\" data-element_type=\"section\">\n\t\t\t\t\t\t<div class=\"elementor-container elementor-column-gap-default\">\n\t\t\t\t\t<div class=\"elementor-column elementor-col-100 elementor-top-column elementor-element elementor-element-9cfdcf3\" data-id=\"9cfdcf3\" data-element_type=\"column\">\n\t\t\t<div class=\"elementor-widget-wrap elementor-element-populated\">\n\t\t\t\t\t\t\t\t<div class=\"elementor-element elementor-element-27fb299 elementor-widget elementor-widget-heading\" data-id=\"27fb299\" data-element_type=\"widget\" data-widget_type=\"heading.default\">\n\t\t\t\t<div class=\"elementor-widget-container\">\n\t\t\t<h2 class=\"elementor-heading-title elementor-size-default\"><b>Preguntas Frecuentes<\/b><\/h2>\t\t<\/div>\n\t\t\t\t<\/div>\n\t\t\t\t\t<\/div>\n\t\t<\/div>\n\t\t\t\t\t\t\t<\/div>\n\t\t<\/section>\n\t\t\t\t<section class=\"elementor-section elementor-top-section elementor-element elementor-element-303815b elementor-section-boxed elementor-section-height-default elementor-section-height-default\" data-id=\"303815b\" data-element_type=\"section\">\n\t\t\t\t\t\t<div class=\"elementor-container elementor-column-gap-default\">\n\t\t\t\t\t<div class=\"elementor-column elementor-col-100 elementor-top-column elementor-element elementor-element-360033b\" data-id=\"360033b\" data-element_type=\"column\">\n\t\t\t<div class=\"elementor-widget-wrap elementor-element-populated\">\n\t\t\t\t\t\t\t\t<div class=\"elementor-element elementor-element-8e946f1 elementor-widget elementor-widget-text-editor\" data-id=\"8e946f1\" data-element_type=\"widget\" data-widget_type=\"text-editor.default\">\n\t\t\t\t<div class=\"elementor-widget-container\">\n\t\t\t\t\t\t\t\t<p><\/p>\n<p>&nbsp;<strong>\u00bfC\u00f3mo me registro en Abiutiendaonline.com?<\/strong><\/p>\n<p>Has click en \u00abRegistrate\u00bb en la parte superior&nbsp; de nuestra p\u00e1gina principal. Ser\u00e1s dirigido autom\u00e1ticamente a la p\u00e1gina para ingresar a tu cuenta. Si eres cliente nuevo, podr\u00e1s crear tu cuenta siguiendo los pasos. Abiutiendaonline cuenta con una pol\u00edtica de privacidad, en la que te aseguramos que ning\u00fan dato personal ser\u00e1 divulgado a terceros, bajo ninguna circunstancia.<\/p>\n<p>Despu\u00e9s de crear tu cuenta, recibir\u00e1s un e-mail de confirmaci\u00f3n con los datos de tu cuenta, nombre de usuario y clave. Por favor, revisa que todos los datos sean correctos y haz click en el link que te enviamos para confirmar tu registro. Una vez hecho esto, podr\u00e1s ingresar al sitio de abiutiendaonline.com y comprar con toda tranquilidad. Recuerda que puedes eliminar tu cuenta en cualquier momento, en caso que lo hagas, no tendr\u00e1s m\u00e1s acceso al detalle hist\u00f3rico de compras y operaciones realizadas en nuestro sitio. Si quieres cancelar tu cuenta, cont\u00e1ctate con nosotros e inf\u00f3rmanos cu\u00e1l es la raz\u00f3n de la cancelaci\u00f3n para que podamos continuar mejorando nuestro servicio.<\/p>\n<p>&nbsp;<strong>\u00bfOlvidaste tu contrase\u00f1a?<\/strong><\/p>\n<p>Accede a \u00abolvid\u00e9 mi contrase\u00f1a\u00bb e ingresa el e-mail registrado para que te enviemos una nueva contrase\u00f1a de acceso. Por tu seguridad, en lugar de enviarte tu contrase\u00f1a anterior crearemos una nueva que luego tu podr\u00e1s cambiar.<\/p>\n<p><strong>\u00bfQuieres cambiar tu direcci\u00f3n de correo electr\u00f3nico, o la contrase\u00f1a de tu cuenta?<\/strong><\/p>\n<p>Puedes hacerlo, ingresando a&nbsp; tu cuenta en abiutiendaonline.com, desde ah\u00ed podr\u00e1s&nbsp; realizar&nbsp; todas las modificaciones&nbsp; con total seguridad.<\/p>\n<p><strong>\u00bfC\u00f3mo redimir mi cup\u00f3n?<\/strong><\/p>\n<p>Primero tienes que elegir el producto que quieres comprar y agregarlo al carro de compras. Luego vas a poder ingresar el c\u00f3digo del cup\u00f3n en el campo \u00abc\u00f3digo de cup\u00f3n\u00bb que aparecer\u00e1 en el momento del pago de la compra. Ingresa el c\u00f3digo, le das aplicar&nbsp; y autom\u00e1ticamente el descuento ser\u00e1 aplicado sobre el total de la compra.<\/p>\n<p><strong>Importante:<\/strong><\/p>\n<p>\u2022 S\u00f3lo podr\u00e1s utilizar un cup\u00f3n en cada compra, El cup\u00f3n s\u00f3lo puede ser utilizado durante el proceso de compra. No ser\u00e1 posible aplicarlo una vez finalizada la misma.<\/p>\n<p>\u2022 Revisa las condiciones del&nbsp; cup\u00f3n,&nbsp; pueden tener un precio m\u00ednimo de compra.<\/p>\n<p>\u2022 Revisa el plazo de vencimiento del&nbsp; cup\u00f3n.<\/p>\n<p><strong>\u00bfQue medios de pago hay disponibles?<\/strong><\/p>\n<p>En el momento contamos con varios m\u00e9todos de pago, aqu\u00ed te los dejamos: <strong>Transferencia Bancolombia, pago nequi, Daviplata, pago contra entrega<\/strong> (Aplica solo para Bogot\u00e1), <strong>Payu<\/strong>, a trav\u00e9s de PayU puedes cancelar con <strong>Tarjeta cr\u00e9dito<\/strong> (Visa, Master card, Diners club, Americam express, codensa), d\u00e9bito bancario <strong>PSE,&nbsp;<\/strong>Efectivo (Efecty, ganana, paga todo, baloto entre otros).<\/p>\n<ul>\n<li><strong>\u00bfQue costo tiene los env\u00edos?<\/strong><\/li><\/ul>\n<p>Domicilios con pago contra entrega BOGOT\u00c1 $10.000<\/p>\n<p>Env\u00edos Bogot\u00e1 y resto del pa\u00eds Tarifa Nacional $10.000<\/p>\n<p><strong>\u00bfDebo confirmar mi pedido a trav\u00e9s de Whatsapp?<\/strong><\/p>\n<p>Solo cuando haces una transferencia Bancolombia o realizas tu pago a trav\u00e9s de Nequi o Daviplata, debes enviar el comprobante de pago a la l\u00ednea de Whatsapp 3124681462, de lo contrario no de debes confirmarla.<\/p>\n<p><\/p>\t\t\t\t\t\t<\/div>\n\t\t\t\t<\/div>\n\t\t\t\t\t<\/div>\n\t\t<\/div>\n\t\t\t\t\t\t\t<\/div>\n\t\t<\/section>\n\t\t\t\t\t\t<\/div>\n\t\t\t\t\t<\/div>\n\t\t","protected":false},"excerpt":{"rendered":"<p>Preguntas Frecuentes &nbsp;\u00bfC\u00f3mo me registro en Abiutiendaonline.com? Has click en \u00abRegistrate\u00bb en la parte superior&nbsp; de nuestra p\u00e1gina principal. Ser\u00e1s dirigido autom\u00e1ticamente a la p\u00e1gina para ingresar a tu cuenta. Si eres cliente nuevo, podr\u00e1s crear tu cuenta siguiendo los pasos. Abiutiendaonline cuenta con una pol\u00edtica de privacidad, en la&hellip; <\/p>\n","protected":false},"author":1,"featured_media":0,"parent":0,"menu_order":0,"comment_status":"closed","ping_status":"closed","template":"elementor_canvas","meta":{"_monsterinsights_skip_tracking":false,"_monsterinsights_sitenote_active":false,"_monsterinsights_sitenote_note":"","_monsterinsights_sitenote_category":0,"footnotes":""},"class_list":["post-715","page","type-page","status-publish","hentry"],"_links":{"self":[{"href":"https:\/\/abiutiendaonline.com\/home\/wp-json\/wp\/v2\/pages\/715","targetHints":{"allow":["GET"]}}],"collection":[{"href":"https:\/\/abiutiendaonline.com\/home\/wp-json\/wp\/v2\/pages"}],"about":[{"href":"https:\/\/abiutiendaonline.com\/home\/wp-json\/wp\/v2\/types\/page"}],"author":[{"embeddable":true,"href":"https:\/\/abiutiendaonline.com\/home\/wp-json\/wp\/v2\/users\/1"}],"replies":[{"embeddable":true,"href":"https:\/\/abiutiendaonline.com\/home\/wp-json\/wp\/v2\/comments?post=715"}],"version-history":[{"count":7,"href":"https:\/\/abiutiendaonline.com\/home\/wp-json\/wp\/v2\/pages\/715\/revisions"}],"predecessor-version":[{"id":722,"href":"https:\/\/abiutiendaonline.com\/home\/wp-json\/wp\/v2\/pages\/715\/revisions\/722"}],"wp:attachment":[{"href":"https:\/\/abiutiendaonline.com\/home\/wp-json\/wp\/v2\/media?parent=715"}],"curies":[{"name":"wp","href":"https:\/\/api.w.org\/{rel}","templated":true}]}}