{"id":739,"date":"2022-09-27T14:38:57","date_gmt":"2022-09-27T14:38:57","guid":{"rendered":"https:\/\/abiutiendaonline.com\/home\/?page_id=739"},"modified":"2022-09-27T14:39:47","modified_gmt":"2022-09-27T14:39:47","slug":"politica-de-privacidad","status":"publish","type":"page","link":"https:\/\/abiutiendaonline.com\/home\/politica-de-privacidad\/","title":{"rendered":"Pol\u00edtica de Privacidad"},"content":{"rendered":"\t\t<div data-elementor-type=\"wp-page\" data-elementor-id=\"739\" class=\"elementor elementor-739\" data-elementor-settings=\"[]\">\n\t\t\t\t\t\t\t<div class=\"elementor-section-wrap\">\n\t\t\t\t\t\t\t<section class=\"elementor-section elementor-top-section elementor-element elementor-element-af9fd20 elementor-section-boxed elementor-section-height-default elementor-section-height-default\" data-id=\"af9fd20\" data-element_type=\"section\">\n\t\t\t\t\t\t<div class=\"elementor-container elementor-column-gap-default\">\n\t\t\t\t\t<div class=\"elementor-column elementor-col-100 elementor-top-column elementor-element elementor-element-d9ea8da\" data-id=\"d9ea8da\" data-element_type=\"column\">\n\t\t\t<div class=\"elementor-widget-wrap elementor-element-populated\">\n\t\t\t\t\t\t\t\t<div class=\"elementor-element elementor-element-7135d9c elementor-widget elementor-widget-heading\" data-id=\"7135d9c\" data-element_type=\"widget\" data-widget_type=\"heading.default\">\n\t\t\t\t<div class=\"elementor-widget-container\">\n\t\t\t<h2 class=\"elementor-heading-title elementor-size-default\"><b>Pol\u00edtica de Privacidad<\/b><\/h2>\t\t<\/div>\n\t\t\t\t<\/div>\n\t\t\t\t\t<\/div>\n\t\t<\/div>\n\t\t\t\t\t\t\t<\/div>\n\t\t<\/section>\n\t\t\t\t<section class=\"elementor-section elementor-top-section elementor-element elementor-element-8c0ba78 elementor-section-boxed elementor-section-height-default elementor-section-height-default\" data-id=\"8c0ba78\" data-element_type=\"section\">\n\t\t\t\t\t\t<div class=\"elementor-container elementor-column-gap-default\">\n\t\t\t\t\t<div class=\"elementor-column elementor-col-100 elementor-top-column elementor-element elementor-element-6fb3881\" data-id=\"6fb3881\" data-element_type=\"column\">\n\t\t\t<div class=\"elementor-widget-wrap elementor-element-populated\">\n\t\t\t\t\t\t\t\t<div class=\"elementor-element elementor-element-5e0cd0a elementor-widget elementor-widget-text-editor\" data-id=\"5e0cd0a\" data-element_type=\"widget\" data-widget_type=\"text-editor.default\">\n\t\t\t\t<div class=\"elementor-widget-container\">\n\t\t\t\t\t\t\t\t<h5>Conscientes de la importancia que tiene la protecci\u00f3n y el buen manejo de la informaci\u00f3n personal suministrada los titulares de la informaci\u00f3n\u00a0<strong>Abi\u00fa tienda online<\/strong>\u00a0act\u00faa y respeta la privacidad de la informaci\u00f3n recibida de los clientes, es por esto que, todos los procedimientos que en conjunto se proporcionen, llevara consigo un adecuado uso de los datos personales.<\/h5><h5>Los datos incluidos en nuestra p\u00e1gina web, incluye correo electr\u00f3nico, nombre, nombre de la empresa, direcci\u00f3n, ciudad, pa\u00eds, tel\u00e9fono de contacto y fecha de cumplea\u00f1os. Esta informaci\u00f3n es totalmente confidencial, la cual \u00a0Abi\u00fa tienda online utiliza \u00fanicamente esta informaci\u00f3n para establecer estad\u00edsticas y conocer el perfil de nuestros clientes, es importante se\u00f1alar que, en ning\u00fan caso almacenamos o conocemos n\u00fameros de tarjetas de cr\u00e9dito o d\u00e9bito, esta informaci\u00f3n le pertenece exclusivamente al cliente, no obstante esta informaci\u00f3n en ning\u00fan caso es transferida o compartida a terceros.<\/h5><h5><strong>Correos electr\u00f3nicos y ofertas de servicios<\/strong><\/h5><h5>El env\u00edo de correos electr\u00f3nicos ser\u00e1 realizado s\u00f3lo con el consentimiento del cliente y se podr\u00e1 desactivar en cualquier momento.\u00a0 Abi\u00fa tienda online contar\u00e1 con un plazo de hasta 7 d\u00edas para poder procesar su solicitud de cancelaci\u00f3n. Nuestra compa\u00f1\u00eda est\u00e1 en contra del env\u00edo de correos electr\u00f3nicos\u00a0 sin autorizaci\u00f3n del cliente. Al ingresar a tu cuenta, podr\u00e1s elegir la opci\u00f3n de suscribirte o cancelar la suscripci\u00f3n a nuestro newsletter.<\/h5><h5 class=\"container9\">Si tienes alg\u00fan comentario o sugerencia, por favor escribenos a trav\u00e9s de servicioalcliente@abiustore.com. Estaremos felices de ayudarte!<\/h5><h4>\u00a0<\/h4>\t\t\t\t\t\t<\/div>\n\t\t\t\t<\/div>\n\t\t\t\t\t<\/div>\n\t\t<\/div>\n\t\t\t\t\t\t\t<\/div>\n\t\t<\/section>\n\t\t\t\t\t\t<\/div>\n\t\t\t\t\t<\/div>\n\t\t","protected":false},"excerpt":{"rendered":"<p>Pol\u00edtica de Privacidad Conscientes de la importancia que tiene la protecci\u00f3n y el buen manejo de la informaci\u00f3n personal suministrada los titulares de la informaci\u00f3n\u00a0Abi\u00fa tienda online\u00a0act\u00faa y respeta la privacidad de la informaci\u00f3n recibida de los clientes, es por esto que, todos los procedimientos que en conjunto se proporcionen,&hellip; <\/p>\n","protected":false},"author":1,"featured_media":0,"parent":0,"menu_order":0,"comment_status":"closed","ping_status":"closed","template":"elementor_canvas","meta":{"_monsterinsights_skip_tracking":false,"_monsterinsights_sitenote_active":false,"_monsterinsights_sitenote_note":"","_monsterinsights_sitenote_category":0,"footnotes":""},"class_list":["post-739","page","type-page","status-publish","hentry"],"_links":{"self":[{"href":"https:\/\/abiutiendaonline.com\/home\/wp-json\/wp\/v2\/pages\/739","targetHints":{"allow":["GET"]}}],"collection":[{"href":"https:\/\/abiutiendaonline.com\/home\/wp-json\/wp\/v2\/pages"}],"about":[{"href":"https:\/\/abiutiendaonline.com\/home\/wp-json\/wp\/v2\/types\/page"}],"author":[{"embeddable":true,"href":"https:\/\/abiutiendaonline.com\/home\/wp-json\/wp\/v2\/users\/1"}],"replies":[{"embeddable":true,"href":"https:\/\/abiutiendaonline.com\/home\/wp-json\/wp\/v2\/comments?post=739"}],"version-history":[{"count":4,"href":"https:\/\/abiutiendaonline.com\/home\/wp-json\/wp\/v2\/pages\/739\/revisions"}],"predecessor-version":[{"id":743,"href":"https:\/\/abiutiendaonline.com\/home\/wp-json\/wp\/v2\/pages\/739\/revisions\/743"}],"wp:attachment":[{"href":"https:\/\/abiutiendaonline.com\/home\/wp-json\/wp\/v2\/media?parent=739"}],"curies":[{"name":"wp","href":"https:\/\/api.w.org\/{rel}","templated":true}]}}