{"id":1004,"date":"2022-10-12T20:01:33","date_gmt":"2022-10-12T20:01:33","guid":{"rendered":"https:\/\/abiutiendaonline.com\/home\/?post_type=product&#038;p=1004"},"modified":"2022-10-12T20:05:25","modified_gmt":"2022-10-12T20:05:25","slug":"blusa-pepas-mostaza","status":"publish","type":"product","link":"https:\/\/abiutiendaonline.com\/home\/producto\/blusa-pepas-mostaza\/","title":{"rendered":"Blusa pepas mostaza"},"content":{"rendered":"<p>\ud83d\udc96 Blusa pepas mostaza<br \/>\nTalla: U (Se ajusta a una talla S o M)<br \/>\nMaterial: Licra<br \/>\nManga corta<br \/>\nSilueta al cuerpo<br \/>\nLargo: 45cm<br \/>\n-Datos Modelo: Usa talla S, mide 174 cms<br \/>\n-Producto 100% Colombiano<\/p>\n<p>\ud83d\ude9b\u00a0Env\u00edos a todo Colombia<\/p>\n<p>\u2013 Ciudades principales de 1 a 4 d\u00edas h\u00e1biles.<br \/>\n\u2013 Resto del pa\u00eds de 3 a 8 d\u00edas h\u00e1biles.<\/p>\n<p><strong><a href=\"https:\/\/api.whatsapp.com\/send?phone=573124681462\" target=\"_blank\" rel=\"noopener\">\ud83d\udcf2\u00a0Compra por Whatsapp!<\/a><\/strong><\/p>\n<p>\u27a1\u00a0Tienes alguna pregunta?<\/p>\n<p>[btn text=\u00bbPregunta aqu\u00ed!\u00bb tcolor=efdad3 bcolor=efdad3 thovercolor=#FFF link=\u00bbhttps:\/\/api.whatsapp.com\/send?phone=573124681462\u2033 target=\u00bb_self\u00bb]<\/p>\n","protected":false},"excerpt":{"rendered":"<div class=\"prd-information mbl prm\">\n<h5>Blusa estampada en pepas con cord\u00f3n by Abi\u00fa. Elaborada en licra algod\u00f3n,\u00a0 Es una prenda fresca, c\u00f3moda y muy f\u00e1cil de combinar. \u00dasala con jeans, shorts o faldas.<\/h5>\n<\/div>\n","protected":false},"featured_media":1006,"comment_status":"open","ping_status":"closed","template":"","meta":{"_monsterinsights_skip_tracking":false,"_monsterinsights_sitenote_active":false,"_monsterinsights_sitenote_note":"","_monsterinsights_sitenote_category":0},"product_brand":[],"product_cat":[19],"product_tag":[70,76,71,77,21,27,28,29,30,272,35],"class_list":{"0":"post-1004","1":"product","2":"type-product","3":"status-publish","4":"has-post-thumbnail","6":"product_cat-rebajas","7":"product_tag-bodys","8":"product_tag-bodys-cuello-tortuga","9":"product_tag-bodys-de-moda","10":"product_tag-bodys-negros","11":"product_tag-moda","12":"product_tag-moda-colombia","13":"product_tag-moda-juvenil","14":"product_tag-moda-mujer","15":"product_tag-moda-online-colombia","16":"product_tag-rebajas","17":"product_tag-ropa-juvenil","19":"first","20":"instock","21":"sale","22":"taxable","23":"shipping-taxable","24":"purchasable","25":"product-type-variable"},"_links":{"self":[{"href":"https:\/\/abiutiendaonline.com\/home\/wp-json\/wp\/v2\/product\/1004","targetHints":{"allow":["GET"]}}],"collection":[{"href":"https:\/\/abiutiendaonline.com\/home\/wp-json\/wp\/v2\/product"}],"about":[{"href":"https:\/\/abiutiendaonline.com\/home\/wp-json\/wp\/v2\/types\/product"}],"replies":[{"embeddable":true,"href":"https:\/\/abiutiendaonline.com\/home\/wp-json\/wp\/v2\/comments?post=1004"}],"wp:featuredmedia":[{"embeddable":true,"href":"https:\/\/abiutiendaonline.com\/home\/wp-json\/wp\/v2\/media\/1006"}],"wp:attachment":[{"href":"https:\/\/abiutiendaonline.com\/home\/wp-json\/wp\/v2\/media?parent=1004"}],"wp:term":[{"taxonomy":"product_brand","embeddable":true,"href":"https:\/\/abiutiendaonline.com\/home\/wp-json\/wp\/v2\/product_brand?post=1004"},{"taxonomy":"product_cat","embeddable":true,"href":"https:\/\/abiutiendaonline.com\/home\/wp-json\/wp\/v2\/product_cat?post=1004"},{"taxonomy":"product_tag","embeddable":true,"href":"https:\/\/abiutiendaonline.com\/home\/wp-json\/wp\/v2\/product_tag?post=1004"}],"curies":[{"name":"wp","href":"https:\/\/api.w.org\/{rel}","templated":true}]}}