{"id":1146,"date":"2022-10-13T17:19:46","date_gmt":"2022-10-13T17:19:46","guid":{"rendered":"https:\/\/abiutiendaonline.com\/home\/?post_type=product&#038;p=1146"},"modified":"2025-04-05T20:31:17","modified_gmt":"2025-04-05T20:31:17","slug":"sombrero-negro","status":"publish","type":"product","link":"https:\/\/abiutiendaonline.com\/home\/producto\/sombrero-negro\/","title":{"rendered":"Sombrero Negro"},"content":{"rendered":"<p>\ud83d\udc96 Sombrero Negro<\/p>\n<p>-Talla: \u00fanica. La talla es standar, en la parte de adentro trae una cinta para poder halar y ajustar de acuerdo al tama\u00f1o de cada cabeza.<br \/>\n-Material: Pa\u00f1o<br \/>\n-Color: Negro<br \/>\n-Estilo: Casual<\/p>\n<p>\ud83d\ude9b\u00a0Env\u00edos a todo Colombia<\/p>\n<p>\u2013 Ciudades principales de 1 a 4 d\u00edas h\u00e1biles.<br \/>\n\u2013 Resto del pa\u00eds de 3 a 8 d\u00edas h\u00e1biles.<\/p>\n<p><strong><a href=\"https:\/\/api.whatsapp.com\/send?phone=573124681462\" target=\"_blank\" rel=\"noopener\">\ud83d\udcf2\u00a0Compra por Whatsapp!<\/a><\/strong><\/p>\n<p>&nbsp;<\/p>\n<p>&nbsp;<\/p>\n<p>&nbsp;<\/p>\n<p>&nbsp;<\/p>\n","protected":false},"excerpt":{"rendered":"<div class=\"prd-information mbl prm\">\n<p>Los sombreros son un complemento perfecto para el elevar tu outfit y darle un toque muy chic y trendy.<\/p>\n<\/div>\n","protected":false},"featured_media":1149,"comment_status":"open","ping_status":"closed","template":"","meta":{"_monsterinsights_skip_tracking":false,"_monsterinsights_sitenote_active":false,"_monsterinsights_sitenote_note":"","_monsterinsights_sitenote_category":0},"product_brand":[],"product_cat":[171,265],"product_tag":[286,43,100,282,283,277,278,279,254,255,256,21,27,28,29,30,280,281,35,287,284,285],"class_list":{"0":"post-1146","1":"product","2":"type-product","3":"status-publish","4":"has-post-thumbnail","6":"product_cat-accesorios","7":"product_cat-tendencias","8":"product_tag-busos-de-mujer","9":"product_tag-cardigan","10":"product_tag-cardigan-de-moda","11":"product_tag-cardigan-mujer","12":"product_tag-cardigan-tejido","13":"product_tag-chaleco","14":"product_tag-chaleco-mujer","15":"product_tag-chalecos","16":"product_tag-gaban","17":"product_tag-gaban-de-mujer","18":"product_tag-gabanes","19":"product_tag-moda","20":"product_tag-moda-colombia","21":"product_tag-moda-juvenil","22":"product_tag-moda-mujer","23":"product_tag-moda-online-colombia","24":"product_tag-parkas","25":"product_tag-parkas-mujer","26":"product_tag-ropa-juvenil","27":"product_tag-sombreros","28":"product_tag-tejidos","29":"product_tag-tejidos-mujer","31":"first","32":"instock","33":"taxable","34":"shipping-taxable","35":"purchasable","36":"product-type-variable"},"_links":{"self":[{"href":"https:\/\/abiutiendaonline.com\/home\/wp-json\/wp\/v2\/product\/1146","targetHints":{"allow":["GET"]}}],"collection":[{"href":"https:\/\/abiutiendaonline.com\/home\/wp-json\/wp\/v2\/product"}],"about":[{"href":"https:\/\/abiutiendaonline.com\/home\/wp-json\/wp\/v2\/types\/product"}],"replies":[{"embeddable":true,"href":"https:\/\/abiutiendaonline.com\/home\/wp-json\/wp\/v2\/comments?post=1146"}],"wp:featuredmedia":[{"embeddable":true,"href":"https:\/\/abiutiendaonline.com\/home\/wp-json\/wp\/v2\/media\/1149"}],"wp:attachment":[{"href":"https:\/\/abiutiendaonline.com\/home\/wp-json\/wp\/v2\/media?parent=1146"}],"wp:term":[{"taxonomy":"product_brand","embeddable":true,"href":"https:\/\/abiutiendaonline.com\/home\/wp-json\/wp\/v2\/product_brand?post=1146"},{"taxonomy":"product_cat","embeddable":true,"href":"https:\/\/abiutiendaonline.com\/home\/wp-json\/wp\/v2\/product_cat?post=1146"},{"taxonomy":"product_tag","embeddable":true,"href":"https:\/\/abiutiendaonline.com\/home\/wp-json\/wp\/v2\/product_tag?post=1146"}],"curies":[{"name":"wp","href":"https:\/\/api.w.org\/{rel}","templated":true}]}}