{"id":1181,"date":"2022-10-13T18:27:06","date_gmt":"2022-10-13T18:27:06","guid":{"rendered":"https:\/\/abiutiendaonline.com\/home\/?post_type=product&#038;p=1181"},"modified":"2022-11-17T22:39:54","modified_gmt":"2022-11-17T22:39:54","slug":"outfit-4","status":"publish","type":"product","link":"https:\/\/abiutiendaonline.com\/home\/producto\/outfit-4\/","title":{"rendered":"Outfit # 4"},"content":{"rendered":"<p>\ud83d\udc96 Outfit # 4<\/p>\n<p>-Vestido Lucia Blanco (incluye cintur\u00f3n) Talla: S M\u00a0 \u00a0Material: Popelina semi licrada Color: Blanco<br \/>\n-Tenis cl\u00e1sicos blancos Talla: de la 34 a la 39 (horma normal colombiana( Material: sintetico<\/p>\n<p>NOTA: El precio no incluye accesorios como sombreros, cinturones, gafas entre otros.<\/p>\n<p>-Producto 100% Colombiano<\/p>\n<p>\ud83d\ude9b\u00a0Env\u00edos a todo Colombia<\/p>\n<p>\u2013 Ciudades principales de 1 a 4 d\u00edas h\u00e1biles.<br \/>\n\u2013 Resto del pa\u00eds de 3 a 8 d\u00edas h\u00e1biles.<\/p>\n<p><strong><a href=\"https:\/\/api.whatsapp.com\/send?phone=573124681462\" target=\"_blank\" rel=\"noopener\">\ud83d\udcf2\u00a0Compra por Whatsapp!<\/a><\/strong><\/p>\n<p>&nbsp;<\/p>\n<p>&nbsp;<\/p>\n<p>&nbsp;<\/p>\n","protected":false},"excerpt":{"rendered":"<p>Un outfit super cool y c\u00f3modo para el d\u00eda a d\u00eda.<\/p>\n","protected":false},"featured_media":1183,"comment_status":"open","ping_status":"closed","template":"","meta":{"_monsterinsights_skip_tracking":false,"_monsterinsights_sitenote_active":false,"_monsterinsights_sitenote_note":"","_monsterinsights_sitenote_category":0},"product_brand":[],"product_cat":[156],"product_tag":[286,43,100,282,283,277,278,279,254,255,256,317,316,21,27,28,29,30,160,314,315,280,281,35,284,285],"class_list":{"0":"post-1181","1":"product","2":"type-product","3":"status-publish","4":"has-post-thumbnail","6":"product_cat-outfits","7":"product_tag-busos-de-mujer","8":"product_tag-cardigan","9":"product_tag-cardigan-de-moda","10":"product_tag-cardigan-mujer","11":"product_tag-cardigan-tejido","12":"product_tag-chaleco","13":"product_tag-chaleco-mujer","14":"product_tag-chalecos","15":"product_tag-gaban","16":"product_tag-gaban-de-mujer","17":"product_tag-gabanes","18":"product_tag-look-mujer","19":"product_tag-look-para-la-universidad","20":"product_tag-moda","21":"product_tag-moda-colombia","22":"product_tag-moda-juvenil","23":"product_tag-moda-mujer","24":"product_tag-moda-online-colombia","25":"product_tag-outfit-casual","26":"product_tag-outfit-mujer","27":"product_tag-outfit-para-la-universidad","28":"product_tag-parkas","29":"product_tag-parkas-mujer","30":"product_tag-ropa-juvenil","31":"product_tag-tejidos","32":"product_tag-tejidos-mujer","34":"first","35":"instock","36":"taxable","37":"shipping-taxable","38":"purchasable","39":"product-type-variable"},"_links":{"self":[{"href":"https:\/\/abiutiendaonline.com\/home\/wp-json\/wp\/v2\/product\/1181","targetHints":{"allow":["GET"]}}],"collection":[{"href":"https:\/\/abiutiendaonline.com\/home\/wp-json\/wp\/v2\/product"}],"about":[{"href":"https:\/\/abiutiendaonline.com\/home\/wp-json\/wp\/v2\/types\/product"}],"replies":[{"embeddable":true,"href":"https:\/\/abiutiendaonline.com\/home\/wp-json\/wp\/v2\/comments?post=1181"}],"wp:featuredmedia":[{"embeddable":true,"href":"https:\/\/abiutiendaonline.com\/home\/wp-json\/wp\/v2\/media\/1183"}],"wp:attachment":[{"href":"https:\/\/abiutiendaonline.com\/home\/wp-json\/wp\/v2\/media?parent=1181"}],"wp:term":[{"taxonomy":"product_brand","embeddable":true,"href":"https:\/\/abiutiendaonline.com\/home\/wp-json\/wp\/v2\/product_brand?post=1181"},{"taxonomy":"product_cat","embeddable":true,"href":"https:\/\/abiutiendaonline.com\/home\/wp-json\/wp\/v2\/product_cat?post=1181"},{"taxonomy":"product_tag","embeddable":true,"href":"https:\/\/abiutiendaonline.com\/home\/wp-json\/wp\/v2\/product_tag?post=1181"}],"curies":[{"name":"wp","href":"https:\/\/api.w.org\/{rel}","templated":true}]}}