{"id":1318,"date":"2022-10-13T21:45:54","date_gmt":"2022-10-13T21:45:54","guid":{"rendered":"https:\/\/abiutiendaonline.com\/home\/?post_type=product&#038;p=1318"},"modified":"2025-03-08T17:14:10","modified_gmt":"2025-03-08T17:14:10","slug":"vestido-lucia-negro","status":"publish","type":"product","link":"https:\/\/abiutiendaonline.com\/home\/producto\/vestido-lucia-negro\/","title":{"rendered":"Vestido Lucia Negro"},"content":{"rendered":"<p>Vestido Ref. Lucia blanco Talla: S M Material: Popelina<br \/>\nManga corta y cremallera en la parte de atras.<br \/>\nTrae resorte en la cintura para un perfecto ajuste y pasadores para el cintur\u00f3n, el cual lo incluye<br \/>\nLargo vestido: Talla S (80cms) Talla M (82 cms)<\/p>\n<p>No incluye accesorios como bolsos o sombreros<\/p>\n","protected":false},"excerpt":{"rendered":"<p>Un outfit super cool y c\u00f3modo para ti, perfecto para usarlo en el d\u00eda a d\u00eda.<\/p>\n","protected":false},"featured_media":1321,"comment_status":"open","ping_status":"closed","template":"","meta":{"_monsterinsights_skip_tracking":false,"_monsterinsights_sitenote_active":false,"_monsterinsights_sitenote_note":"","_monsterinsights_sitenote_category":0},"product_brand":[],"product_cat":[84],"product_tag":[132,133,21,27,28,30,272,137,138,35,135,136,139],"class_list":{"0":"post-1318","1":"product","2":"type-product","3":"status-publish","4":"has-post-thumbnail","6":"product_cat-vestidos","7":"product_tag-comprar-ropa-online","8":"product_tag-comprar-ropa-online-barata","9":"product_tag-moda","10":"product_tag-moda-colombia","11":"product_tag-moda-juvenil","12":"product_tag-moda-online-colombia","13":"product_tag-rebajas","14":"product_tag-ropa-de-moda","15":"product_tag-ropa-en-linea","16":"product_tag-ropa-juvenil","17":"product_tag-ropa-online-barata-mujer","18":"product_tag-ropa-online-mujer","19":"product_tag-tienda-de-ropa-online","21":"first","22":"outofstock","23":"taxable","24":"shipping-taxable","25":"purchasable","26":"product-type-variable"},"_links":{"self":[{"href":"https:\/\/abiutiendaonline.com\/home\/wp-json\/wp\/v2\/product\/1318","targetHints":{"allow":["GET"]}}],"collection":[{"href":"https:\/\/abiutiendaonline.com\/home\/wp-json\/wp\/v2\/product"}],"about":[{"href":"https:\/\/abiutiendaonline.com\/home\/wp-json\/wp\/v2\/types\/product"}],"replies":[{"embeddable":true,"href":"https:\/\/abiutiendaonline.com\/home\/wp-json\/wp\/v2\/comments?post=1318"}],"wp:featuredmedia":[{"embeddable":true,"href":"https:\/\/abiutiendaonline.com\/home\/wp-json\/wp\/v2\/media\/1321"}],"wp:attachment":[{"href":"https:\/\/abiutiendaonline.com\/home\/wp-json\/wp\/v2\/media?parent=1318"}],"wp:term":[{"taxonomy":"product_brand","embeddable":true,"href":"https:\/\/abiutiendaonline.com\/home\/wp-json\/wp\/v2\/product_brand?post=1318"},{"taxonomy":"product_cat","embeddable":true,"href":"https:\/\/abiutiendaonline.com\/home\/wp-json\/wp\/v2\/product_cat?post=1318"},{"taxonomy":"product_tag","embeddable":true,"href":"https:\/\/abiutiendaonline.com\/home\/wp-json\/wp\/v2\/product_tag?post=1318"}],"curies":[{"name":"wp","href":"https:\/\/api.w.org\/{rel}","templated":true}]}}