{"id":1325,"date":"2022-10-13T22:11:11","date_gmt":"2022-10-13T22:11:11","guid":{"rendered":"https:\/\/abiutiendaonline.com\/home\/?post_type=product&#038;p=1325"},"modified":"2024-10-13T17:15:37","modified_gmt":"2024-10-13T17:15:37","slug":"vestido-escote-atras-negro","status":"publish","type":"product","link":"https:\/\/abiutiendaonline.com\/home\/producto\/vestido-escote-atras-negro\/","title":{"rendered":"Vestido escote atras negro"},"content":{"rendered":"<p>Vestido licrado escote negro Abi\u00fa, confeccionado en licra algod\u00f3n. Cuello redondo con un leve escote redondo en la parte de atras. Manga corta.<\/p>\n<p>Talla: \u00danica (Funciona Para Tallas S M )<br \/>\nEstampado: Unicolor<br \/>\nColor: Negro<br \/>\nTipo de cuello: redondo<br \/>\nHombro (Cms): 38-55cms<br \/>\nBusto: 90cms<br \/>\nLargo: 80cms<br \/>\nLargo Manga: 12cms<\/p>\n","protected":false},"excerpt":{"rendered":"<p>Un outfit super cool y c\u00f3modo para ti, perfecto para usarlo en el d\u00eda a d\u00eda.<\/p>\n","protected":false},"featured_media":1328,"comment_status":"open","ping_status":"closed","template":"","meta":{"_monsterinsights_skip_tracking":false,"_monsterinsights_sitenote_active":false,"_monsterinsights_sitenote_note":"","_monsterinsights_sitenote_category":0},"product_brand":[],"product_cat":[266,84],"product_tag":[132,133,21,27,28,30,272,137,138,35,135,136,139,332,251,330,331],"class_list":{"0":"post-1325","1":"product","2":"type-product","3":"status-publish","4":"has-post-thumbnail","6":"product_cat-basicos","7":"product_cat-vestidos","8":"product_tag-comprar-ropa-online","9":"product_tag-comprar-ropa-online-barata","10":"product_tag-moda","11":"product_tag-moda-colombia","12":"product_tag-moda-juvenil","13":"product_tag-moda-online-colombia","14":"product_tag-rebajas","15":"product_tag-ropa-de-moda","16":"product_tag-ropa-en-linea","17":"product_tag-ropa-juvenil","18":"product_tag-ropa-online-barata-mujer","19":"product_tag-ropa-online-mujer","20":"product_tag-tienda-de-ropa-online","21":"product_tag-vestido-negro-corto","22":"product_tag-vestidos","23":"product_tag-vestidos-cortos","24":"product_tag-vestidos-negros","26":"first","27":"instock","28":"taxable","29":"shipping-taxable","30":"purchasable","31":"product-type-variable"},"_links":{"self":[{"href":"https:\/\/abiutiendaonline.com\/home\/wp-json\/wp\/v2\/product\/1325","targetHints":{"allow":["GET"]}}],"collection":[{"href":"https:\/\/abiutiendaonline.com\/home\/wp-json\/wp\/v2\/product"}],"about":[{"href":"https:\/\/abiutiendaonline.com\/home\/wp-json\/wp\/v2\/types\/product"}],"replies":[{"embeddable":true,"href":"https:\/\/abiutiendaonline.com\/home\/wp-json\/wp\/v2\/comments?post=1325"}],"wp:featuredmedia":[{"embeddable":true,"href":"https:\/\/abiutiendaonline.com\/home\/wp-json\/wp\/v2\/media\/1328"}],"wp:attachment":[{"href":"https:\/\/abiutiendaonline.com\/home\/wp-json\/wp\/v2\/media?parent=1325"}],"wp:term":[{"taxonomy":"product_brand","embeddable":true,"href":"https:\/\/abiutiendaonline.com\/home\/wp-json\/wp\/v2\/product_brand?post=1325"},{"taxonomy":"product_cat","embeddable":true,"href":"https:\/\/abiutiendaonline.com\/home\/wp-json\/wp\/v2\/product_cat?post=1325"},{"taxonomy":"product_tag","embeddable":true,"href":"https:\/\/abiutiendaonline.com\/home\/wp-json\/wp\/v2\/product_tag?post=1325"}],"curies":[{"name":"wp","href":"https:\/\/api.w.org\/{rel}","templated":true}]}}