{"id":155,"date":"2022-09-08T16:55:49","date_gmt":"2022-09-08T16:55:49","guid":{"rendered":"https:\/\/abiutiendaonline.com\/home\/?post_type=product&#038;p=155"},"modified":"2022-09-08T16:56:04","modified_gmt":"2022-09-08T16:56:04","slug":"jogger-negro-con-rayas-laterales","status":"publish","type":"product","link":"https:\/\/abiutiendaonline.com\/home\/producto\/jogger-negro-con-rayas-laterales\/","title":{"rendered":"Jogger Negro Con Rayas Laterales"},"content":{"rendered":"<p>Jogger negro con rayas laterales by Abi\u00fa. Sudadera tipo jogger con l\u00edneas laterales rojas y blanca. Confeccionado en tenecy, trae bolsillos laterales, resorte en la cintura y pu\u00f1os. Es una pieza de tendencia de esta temporada.<\/p>\n<p style=\"text-align: left;\">Tallas: S M L<\/p>\n<p style=\"text-align: left;\">Material: 97% Algod\u00f3n 3% poliester<\/p>\n<p style=\"text-align: left;\">Color: Negro<\/p>\n<p style=\"text-align: left;\">Estilo: Casual \/ deportivo<\/p>\n<p style=\"text-align: left;\">Largo: (S) 97cms (M) 100cms (L) 103cms<\/p>\n<p style=\"text-align: left;\">Cintura: (S) 65-74cms (M) 67-76cms (L) 69-78cms<\/p>\n","protected":false},"excerpt":{"rendered":"<p style=\"text-align: left;\">si amas la comodidad un jogger no puede faltar en tu closet. Los\u00a0 joggers son piezas ultra c\u00f3modas, pero que a la vez vers\u00e1tiles, ya que puedes darles un toque chick o trendy.<\/p>\n","protected":false},"featured_media":186,"comment_status":"open","ping_status":"closed","template":"","meta":{"_monsterinsights_skip_tracking":false,"_monsterinsights_sitenote_active":false,"_monsterinsights_sitenote_note":"","_monsterinsights_sitenote_category":0},"product_brand":[],"product_cat":[24,25],"product_tag":[26,21,27,28,29,30,22,31,32],"class_list":{"0":"post-155","1":"product","2":"type-product","3":"status-publish","4":"has-post-thumbnail","6":"product_cat-pantalones-y-enterizos","7":"product_cat-ropa-deportiva","8":"product_tag-jogger-negro","9":"product_tag-moda","10":"product_tag-moda-colombia","11":"product_tag-moda-juvenil","12":"product_tag-moda-mujer","13":"product_tag-moda-online-colombia","14":"product_tag-mujer","15":"product_tag-pantalon-ancho","16":"product_tag-pantalon-deportivo","18":"first","19":"instock","20":"taxable","21":"shipping-taxable","22":"purchasable","23":"product-type-variable"},"_links":{"self":[{"href":"https:\/\/abiutiendaonline.com\/home\/wp-json\/wp\/v2\/product\/155","targetHints":{"allow":["GET"]}}],"collection":[{"href":"https:\/\/abiutiendaonline.com\/home\/wp-json\/wp\/v2\/product"}],"about":[{"href":"https:\/\/abiutiendaonline.com\/home\/wp-json\/wp\/v2\/types\/product"}],"replies":[{"embeddable":true,"href":"https:\/\/abiutiendaonline.com\/home\/wp-json\/wp\/v2\/comments?post=155"}],"wp:featuredmedia":[{"embeddable":true,"href":"https:\/\/abiutiendaonline.com\/home\/wp-json\/wp\/v2\/media\/186"}],"wp:attachment":[{"href":"https:\/\/abiutiendaonline.com\/home\/wp-json\/wp\/v2\/media?parent=155"}],"wp:term":[{"taxonomy":"product_brand","embeddable":true,"href":"https:\/\/abiutiendaonline.com\/home\/wp-json\/wp\/v2\/product_brand?post=155"},{"taxonomy":"product_cat","embeddable":true,"href":"https:\/\/abiutiendaonline.com\/home\/wp-json\/wp\/v2\/product_cat?post=155"},{"taxonomy":"product_tag","embeddable":true,"href":"https:\/\/abiutiendaonline.com\/home\/wp-json\/wp\/v2\/product_tag?post=155"}],"curies":[{"name":"wp","href":"https:\/\/api.w.org\/{rel}","templated":true}]}}