{"id":1658,"date":"2022-10-26T16:39:57","date_gmt":"2022-10-26T16:39:57","guid":{"rendered":"https:\/\/abiutiendaonline.com\/home\/?post_type=product&#038;p=1658"},"modified":"2024-12-26T16:36:13","modified_gmt":"2024-12-26T16:36:13","slug":"top-julieta-blanco","status":"publish","type":"product","link":"https:\/\/abiutiendaonline.com\/home\/producto\/top-julieta-blanco\/","title":{"rendered":"Top Julieta Blanco"},"content":{"rendered":"<p>\ud83d\udc96\u00a0 Top Julieta Blanco<br \/>\nTalla: \u00danica (se ajusta a una talla S o M)<br \/>\nMaterial: Licra, piel de durazno<br \/>\nManga Siza<br \/>\nSilueta al cuerpo<br \/>\nLargo: 43cms<br \/>\n-Datos Modelo: Usa talla S, mide 158cms<br \/>\n-Producto 100% Colombiano<\/p>\n<p>\ud83d\ude9b\u00a0Env\u00edos a todo Colombia<\/p>\n<p>\u2013 Ciudades principales de 1 a 4 d\u00edas h\u00e1biles.<br \/>\n\u2013 Resto del pa\u00eds de 3 a 8 d\u00edas h\u00e1biles.<\/p>\n<p><strong><a href=\"https:\/\/api.whatsapp.com\/send?phone=573124681462\" target=\"_blank\" rel=\"noopener\">\ud83d\udcf2\u00a0Compra por Whatsapp!<\/a><\/strong><\/p>\n<p>&nbsp;<\/p>\n","protected":false},"excerpt":{"rendered":"<p>Una blusa negra b\u00e1sica no puede faltar en tu closet, pues hace parte de las prendas b\u00e1sicas que todas debemos tener. son perfectas para combinar con jeans, faldas, pantalones formales entre otros.<\/p>\n","protected":false},"featured_media":1652,"comment_status":"open","ping_status":"closed","template":"","meta":{"_monsterinsights_skip_tracking":false,"_monsterinsights_sitenote_active":false,"_monsterinsights_sitenote_note":"","_monsterinsights_sitenote_category":0},"product_brand":[],"product_cat":[266,18],"product_tag":[96,70,76,71,77,185,273,242,274,21,27,28,29,30,35],"class_list":{"0":"post-1658","1":"product","2":"type-product","3":"status-publish","4":"has-post-thumbnail","6":"product_cat-basicos","7":"product_cat-blusas-y-tops","8":"product_tag-blusa-negra","9":"product_tag-bodys","10":"product_tag-bodys-cuello-tortuga","11":"product_tag-bodys-de-moda","12":"product_tag-bodys-negros","13":"product_tag-camisetas","14":"product_tag-camisetas-estampadas","15":"product_tag-crop-tops","16":"product_tag-mensajes-motivadores","17":"product_tag-moda","18":"product_tag-moda-colombia","19":"product_tag-moda-juvenil","20":"product_tag-moda-mujer","21":"product_tag-moda-online-colombia","22":"product_tag-ropa-juvenil","24":"first","25":"instock","26":"taxable","27":"shipping-taxable","28":"purchasable","29":"product-type-variable"},"_links":{"self":[{"href":"https:\/\/abiutiendaonline.com\/home\/wp-json\/wp\/v2\/product\/1658","targetHints":{"allow":["GET"]}}],"collection":[{"href":"https:\/\/abiutiendaonline.com\/home\/wp-json\/wp\/v2\/product"}],"about":[{"href":"https:\/\/abiutiendaonline.com\/home\/wp-json\/wp\/v2\/types\/product"}],"replies":[{"embeddable":true,"href":"https:\/\/abiutiendaonline.com\/home\/wp-json\/wp\/v2\/comments?post=1658"}],"wp:featuredmedia":[{"embeddable":true,"href":"https:\/\/abiutiendaonline.com\/home\/wp-json\/wp\/v2\/media\/1652"}],"wp:attachment":[{"href":"https:\/\/abiutiendaonline.com\/home\/wp-json\/wp\/v2\/media?parent=1658"}],"wp:term":[{"taxonomy":"product_brand","embeddable":true,"href":"https:\/\/abiutiendaonline.com\/home\/wp-json\/wp\/v2\/product_brand?post=1658"},{"taxonomy":"product_cat","embeddable":true,"href":"https:\/\/abiutiendaonline.com\/home\/wp-json\/wp\/v2\/product_cat?post=1658"},{"taxonomy":"product_tag","embeddable":true,"href":"https:\/\/abiutiendaonline.com\/home\/wp-json\/wp\/v2\/product_tag?post=1658"}],"curies":[{"name":"wp","href":"https:\/\/api.w.org\/{rel}","templated":true}]}}