{"id":178,"date":"2022-09-08T16:55:50","date_gmt":"2022-09-08T16:55:50","guid":{"rendered":"https:\/\/abiutiendaonline.com\/home\/?post_type=product&#038;p=178"},"modified":"2022-10-13T17:06:35","modified_gmt":"2022-10-13T17:06:35","slug":"falda-negra-tubo","status":"publish","type":"product","link":"https:\/\/abiutiendaonline.com\/home\/producto\/falda-negra-tubo\/","title":{"rendered":"Falda Negra Tubo"},"content":{"rendered":"<p>Falda negra tubo Abi\u00fa, confeccionada en licra algod\u00f3n. Perfecta para combinar con tenis, tacones o botines, se ajusta perfecto al cuerpo.<\/p>\n<p>Talla: \u00danica (Funciona Para Tallas S &#8211; M -L )<br \/>\nEstampado: Unicolor<br \/>\nColor: Negra<br \/>\ncintura (Cms): 60-70cms<br \/>\nLargo: 68cms<\/p>\n","protected":false},"excerpt":{"rendered":"<p>Falda negra tubo Abi\u00fa, confeccionada en licra algod\u00f3n. Perfecta para combinar con tenis, tacones o botines, se ajusta perfecto al cuerpo. Talla: \u00danica (Funciona Para Tallas S &#8211; M -L ) Estampado: Unicolor Color: Negra cintura (Cms): 60-70cms Largo: 68cms<\/p>\n","protected":false},"featured_media":199,"comment_status":"open","ping_status":"closed","template":"","meta":{"_monsterinsights_skip_tracking":false,"_monsterinsights_sitenote_active":false,"_monsterinsights_sitenote_note":"","_monsterinsights_sitenote_category":0},"product_brand":[],"product_cat":[266,52],"product_tag":[53,54,55,56,21,27,28,29,30,35],"class_list":{"0":"post-178","1":"product","2":"type-product","3":"status-publish","4":"has-post-thumbnail","6":"product_cat-basicos","7":"product_cat-faldas","8":"product_tag-aldas-pegadas","9":"product_tag-falda-algodon","10":"product_tag-faldas-largas","11":"product_tag-faldas-negras","12":"product_tag-moda","13":"product_tag-moda-colombia","14":"product_tag-moda-juvenil","15":"product_tag-moda-mujer","16":"product_tag-moda-online-colombia","17":"product_tag-ropa-juvenil","19":"first","20":"instock","21":"taxable","22":"shipping-taxable","23":"purchasable","24":"product-type-variable"},"_links":{"self":[{"href":"https:\/\/abiutiendaonline.com\/home\/wp-json\/wp\/v2\/product\/178","targetHints":{"allow":["GET"]}}],"collection":[{"href":"https:\/\/abiutiendaonline.com\/home\/wp-json\/wp\/v2\/product"}],"about":[{"href":"https:\/\/abiutiendaonline.com\/home\/wp-json\/wp\/v2\/types\/product"}],"replies":[{"embeddable":true,"href":"https:\/\/abiutiendaonline.com\/home\/wp-json\/wp\/v2\/comments?post=178"}],"wp:featuredmedia":[{"embeddable":true,"href":"https:\/\/abiutiendaonline.com\/home\/wp-json\/wp\/v2\/media\/199"}],"wp:attachment":[{"href":"https:\/\/abiutiendaonline.com\/home\/wp-json\/wp\/v2\/media?parent=178"}],"wp:term":[{"taxonomy":"product_brand","embeddable":true,"href":"https:\/\/abiutiendaonline.com\/home\/wp-json\/wp\/v2\/product_brand?post=178"},{"taxonomy":"product_cat","embeddable":true,"href":"https:\/\/abiutiendaonline.com\/home\/wp-json\/wp\/v2\/product_cat?post=178"},{"taxonomy":"product_tag","embeddable":true,"href":"https:\/\/abiutiendaonline.com\/home\/wp-json\/wp\/v2\/product_tag?post=178"}],"curies":[{"name":"wp","href":"https:\/\/api.w.org\/{rel}","templated":true}]}}