{"id":231,"date":"2022-09-08T17:09:40","date_gmt":"2022-09-08T17:09:40","guid":{"rendered":"https:\/\/abiutiendaonline.com\/home\/?post_type=product&#038;p=231"},"modified":"2022-09-08T22:06:07","modified_gmt":"2022-09-08T22:06:07","slug":"body-una-sola-manga-negro","status":"publish","type":"product","link":"https:\/\/abiutiendaonline.com\/home\/producto\/body-una-sola-manga-negro\/","title":{"rendered":"Body Una Sola Manga Negro"},"content":{"rendered":"","protected":false},"excerpt":{"rendered":"<p>Body Negro solo una manga by Abi\u00fa. Es una pieza de tendencia para esta temporada. Manga larga, s\u00faper c\u00f3modo, Combinalo con jeans, faldas o shorts.<\/p>\n<p>Material: Licra Algod\u00f3n Poliester 59% spandex 9% Algod\u00f3n 32%<br \/>\nTalla: \u00danica ( funciona para S y M)<br \/>\nColor: Negro<br \/>\nEstilo: Casual<\/p>\n","protected":false},"featured_media":294,"comment_status":"open","ping_status":"closed","template":"","meta":{"_monsterinsights_skip_tracking":false,"_monsterinsights_sitenote_active":false,"_monsterinsights_sitenote_note":"","_monsterinsights_sitenote_category":0},"product_brand":[],"product_cat":[66],"product_tag":[95,96,97,98],"class_list":{"0":"post-231","1":"product","2":"type-product","3":"status-publish","4":"has-post-thumbnail","6":"product_cat-bodys","7":"product_tag-blusa-de-mosa","8":"product_tag-blusa-negra","9":"product_tag-blusa-una-manga","10":"product_tag-blusa-una-manga-de-moda","12":"first","13":"instock","14":"taxable","15":"shipping-taxable","16":"purchasable","17":"product-type-variable"},"_links":{"self":[{"href":"https:\/\/abiutiendaonline.com\/home\/wp-json\/wp\/v2\/product\/231","targetHints":{"allow":["GET"]}}],"collection":[{"href":"https:\/\/abiutiendaonline.com\/home\/wp-json\/wp\/v2\/product"}],"about":[{"href":"https:\/\/abiutiendaonline.com\/home\/wp-json\/wp\/v2\/types\/product"}],"replies":[{"embeddable":true,"href":"https:\/\/abiutiendaonline.com\/home\/wp-json\/wp\/v2\/comments?post=231"}],"wp:featuredmedia":[{"embeddable":true,"href":"https:\/\/abiutiendaonline.com\/home\/wp-json\/wp\/v2\/media\/294"}],"wp:attachment":[{"href":"https:\/\/abiutiendaonline.com\/home\/wp-json\/wp\/v2\/media?parent=231"}],"wp:term":[{"taxonomy":"product_brand","embeddable":true,"href":"https:\/\/abiutiendaonline.com\/home\/wp-json\/wp\/v2\/product_brand?post=231"},{"taxonomy":"product_cat","embeddable":true,"href":"https:\/\/abiutiendaonline.com\/home\/wp-json\/wp\/v2\/product_cat?post=231"},{"taxonomy":"product_tag","embeddable":true,"href":"https:\/\/abiutiendaonline.com\/home\/wp-json\/wp\/v2\/product_tag?post=231"}],"curies":[{"name":"wp","href":"https:\/\/api.w.org\/{rel}","templated":true}]}}