{"id":2352,"date":"2023-04-10T17:14:13","date_gmt":"2023-04-10T17:14:13","guid":{"rendered":"https:\/\/abiutiendaonline.com\/home\/?post_type=product&#038;p=2352"},"modified":"2024-11-22T19:41:42","modified_gmt":"2024-11-22T19:41:42","slug":"botas-montreal-beige","status":"publish","type":"product","link":"https:\/\/abiutiendaonline.com\/home\/producto\/botas-montreal-beige\/","title":{"rendered":"Botas Montreal Beige"},"content":{"rendered":"<p>\ud83d\udc96 Botas Montreal Beige<\/p>\n<p>-Talla: de la 35 a\u00a0 la 39 horma normal Colombiana<br \/>\n-Material: Cuero sintetico<br \/>\n-Color: Beige<br \/>\n-Estilo: Casual<br \/>\n-Producto 100% Colombiano<\/p>\n<p>\ud83d\ude9b\u00a0Env\u00edos a todo Colombia<\/p>\n<p>\u2013 Ciudades principales de 1 a 4 d\u00edas h\u00e1biles.<br \/>\n\u2013 Resto del pa\u00eds de 3 a 8 d\u00edas h\u00e1biles.<\/p>\n<p><strong><a href=\"https:\/\/api.whatsapp.com\/send?phone=573124681462\" target=\"_blank\" rel=\"noopener\">\ud83d\udcf2<span style=\"color: #000000;\">\u00a0Compra por Whatsapp!<\/span><\/a><\/strong><\/p>\n<p>&nbsp;<\/p>\n<p>&nbsp;<\/p>\n<p>&nbsp;<\/p>\n","protected":false},"excerpt":{"rendered":"<div class=\"prd-information mbl prm\">\n<p>Unas botas color nude con negro son esenciales en tu closet! combinalas con tus vestidos, faldas, jeans o short.<\/p>\n<\/div>\n","protected":false},"featured_media":2346,"comment_status":"open","ping_status":"closed","template":"","meta":{"_monsterinsights_skip_tracking":false,"_monsterinsights_sitenote_active":false,"_monsterinsights_sitenote_note":"","_monsterinsights_sitenote_category":0},"product_brand":[],"product_cat":[19],"product_tag":[286,43,100,282,283,277,278,279,254,255,256,21,27,28,29,30,280,281,35,284,285],"class_list":{"0":"post-2352","1":"product","2":"type-product","3":"status-publish","4":"has-post-thumbnail","6":"product_cat-rebajas","7":"product_tag-busos-de-mujer","8":"product_tag-cardigan","9":"product_tag-cardigan-de-moda","10":"product_tag-cardigan-mujer","11":"product_tag-cardigan-tejido","12":"product_tag-chaleco","13":"product_tag-chaleco-mujer","14":"product_tag-chalecos","15":"product_tag-gaban","16":"product_tag-gaban-de-mujer","17":"product_tag-gabanes","18":"product_tag-moda","19":"product_tag-moda-colombia","20":"product_tag-moda-juvenil","21":"product_tag-moda-mujer","22":"product_tag-moda-online-colombia","23":"product_tag-parkas","24":"product_tag-parkas-mujer","25":"product_tag-ropa-juvenil","26":"product_tag-tejidos","27":"product_tag-tejidos-mujer","29":"first","30":"instock","31":"sale","32":"taxable","33":"shipping-taxable","34":"purchasable","35":"product-type-variable"},"_links":{"self":[{"href":"https:\/\/abiutiendaonline.com\/home\/wp-json\/wp\/v2\/product\/2352","targetHints":{"allow":["GET"]}}],"collection":[{"href":"https:\/\/abiutiendaonline.com\/home\/wp-json\/wp\/v2\/product"}],"about":[{"href":"https:\/\/abiutiendaonline.com\/home\/wp-json\/wp\/v2\/types\/product"}],"replies":[{"embeddable":true,"href":"https:\/\/abiutiendaonline.com\/home\/wp-json\/wp\/v2\/comments?post=2352"}],"wp:featuredmedia":[{"embeddable":true,"href":"https:\/\/abiutiendaonline.com\/home\/wp-json\/wp\/v2\/media\/2346"}],"wp:attachment":[{"href":"https:\/\/abiutiendaonline.com\/home\/wp-json\/wp\/v2\/media?parent=2352"}],"wp:term":[{"taxonomy":"product_brand","embeddable":true,"href":"https:\/\/abiutiendaonline.com\/home\/wp-json\/wp\/v2\/product_brand?post=2352"},{"taxonomy":"product_cat","embeddable":true,"href":"https:\/\/abiutiendaonline.com\/home\/wp-json\/wp\/v2\/product_cat?post=2352"},{"taxonomy":"product_tag","embeddable":true,"href":"https:\/\/abiutiendaonline.com\/home\/wp-json\/wp\/v2\/product_tag?post=2352"}],"curies":[{"name":"wp","href":"https:\/\/api.w.org\/{rel}","templated":true}]}}