{"id":237,"date":"2022-09-08T17:09:40","date_gmt":"2022-09-08T17:09:40","guid":{"rendered":"https:\/\/abiutiendaonline.com\/home\/?post_type=product&#038;p=237"},"modified":"2022-09-08T22:06:07","modified_gmt":"2022-09-08T22:06:07","slug":"body-solo-una-manga-mostaza","status":"publish","type":"product","link":"https:\/\/abiutiendaonline.com\/home\/producto\/body-solo-una-manga-mostaza\/","title":{"rendered":"Body Solo Una Manga Mostaza"},"content":{"rendered":"","protected":false},"excerpt":{"rendered":"<p>Body mostaza solo una manga by Abi\u00fa. Es una pieza de tendencia para esta temporada. Manga larga, s\u00faper c\u00f3modo, Combinalo con jeans, faldas o shorts.<\/p>\n<p>Material: Licra Algod\u00f3n Poliester 59% spandex 9% Algod\u00f3n 32%<br \/>\nTalla: \u00danica ( funciona para S y M)<br \/>\nColor: Mostaza<br \/>\nEstilo: Casual<\/p>\n","protected":false},"featured_media":305,"comment_status":"open","ping_status":"closed","template":"","meta":{"_monsterinsights_skip_tracking":false,"_monsterinsights_sitenote_active":false,"_monsterinsights_sitenote_note":"","_monsterinsights_sitenote_category":0},"product_brand":[],"product_cat":[66],"product_tag":[105,97,106,21,27,28,29,30,35],"class_list":{"0":"post-237","1":"product","2":"type-product","3":"status-publish","4":"has-post-thumbnail","6":"product_cat-bodys","7":"product_tag-blusa-mostaza","8":"product_tag-blusa-una-manga","9":"product_tag-blusas-una-manga-de-moda","10":"product_tag-moda","11":"product_tag-moda-colombia","12":"product_tag-moda-juvenil","13":"product_tag-moda-mujer","14":"product_tag-moda-online-colombia","15":"product_tag-ropa-juvenil","17":"first","18":"instock","19":"taxable","20":"shipping-taxable","21":"purchasable","22":"product-type-variable"},"_links":{"self":[{"href":"https:\/\/abiutiendaonline.com\/home\/wp-json\/wp\/v2\/product\/237","targetHints":{"allow":["GET"]}}],"collection":[{"href":"https:\/\/abiutiendaonline.com\/home\/wp-json\/wp\/v2\/product"}],"about":[{"href":"https:\/\/abiutiendaonline.com\/home\/wp-json\/wp\/v2\/types\/product"}],"replies":[{"embeddable":true,"href":"https:\/\/abiutiendaonline.com\/home\/wp-json\/wp\/v2\/comments?post=237"}],"wp:featuredmedia":[{"embeddable":true,"href":"https:\/\/abiutiendaonline.com\/home\/wp-json\/wp\/v2\/media\/305"}],"wp:attachment":[{"href":"https:\/\/abiutiendaonline.com\/home\/wp-json\/wp\/v2\/media?parent=237"}],"wp:term":[{"taxonomy":"product_brand","embeddable":true,"href":"https:\/\/abiutiendaonline.com\/home\/wp-json\/wp\/v2\/product_brand?post=237"},{"taxonomy":"product_cat","embeddable":true,"href":"https:\/\/abiutiendaonline.com\/home\/wp-json\/wp\/v2\/product_cat?post=237"},{"taxonomy":"product_tag","embeddable":true,"href":"https:\/\/abiutiendaonline.com\/home\/wp-json\/wp\/v2\/product_tag?post=237"}],"curies":[{"name":"wp","href":"https:\/\/api.w.org\/{rel}","templated":true}]}}