{"id":3182,"date":"2023-12-05T17:15:35","date_gmt":"2023-12-05T17:15:35","guid":{"rendered":"https:\/\/abiutiendaonline.com\/home\/?post_type=product&#038;p=3182"},"modified":"2024-07-09T16:13:24","modified_gmt":"2024-07-09T16:13:24","slug":"blazer-vestido-praga-marfil","status":"publish","type":"product","link":"https:\/\/abiutiendaonline.com\/home\/producto\/blazer-vestido-praga-marfil\/","title":{"rendered":"Blazer\/Vestido Praga Marfil"},"content":{"rendered":"<p>\ud83d\udc96 Blazer\/Vestido Ref. Praga<\/p>\n<p>-Talla: S M<br \/>\n-Material: Noches de Viena<br \/>\n-Color: Negro, Marfil y Fucsia<br \/>\n-Estilo: Casual\/Elegante<br \/>\n-Largo: (S) 84cms (M) 86cms<br \/>\n-Contorno: (S) 93cms-92cms (M) 92cms-100cms<br \/>\n-Datos Modelo: mide 159 cms, esta usando el talla S<br \/>\n-Producto 100% Colombiano<\/p>\n<p>\ud83d\ude9b\u00a0Env\u00edos a todo Colombia<\/p>\n<p>\u2013 Ciudades principales de 1 a 4 d\u00edas h\u00e1biles.<br \/>\n\u2013 Resto del pa\u00eds de 3 a 8 d\u00edas h\u00e1biles.<\/p>\n<p><strong><a href=\"https:\/\/api.whatsapp.com\/send?phone=573124681462\" target=\"_blank\" rel=\"noopener\">\ud83d\udcf2\u00a0Compra por Whatsapp!<\/a><\/strong><\/p>\n<p>&nbsp;<\/p>\n<p>&nbsp;<\/p>\n","protected":false},"excerpt":{"rendered":"<div class=\"prd-information mbl prm\">\n<p>Nuestra Ref. Praga es una prenda versatil, ya que la puedes usar abierta como gaban o cerrado como vestido.<\/p>\n<\/div>\n","protected":false},"featured_media":3186,"comment_status":"open","ping_status":"closed","template":"","meta":{"_monsterinsights_skip_tracking":false,"_monsterinsights_sitenote_active":false,"_monsterinsights_sitenote_note":"","_monsterinsights_sitenote_category":0},"product_brand":[],"product_cat":[19],"product_tag":[43,100,282,283,277,278,279,254,255,256,21,27,28,29,30,280,281,35],"class_list":{"0":"post-3182","1":"product","2":"type-product","3":"status-publish","4":"has-post-thumbnail","6":"product_cat-rebajas","7":"product_tag-cardigan","8":"product_tag-cardigan-de-moda","9":"product_tag-cardigan-mujer","10":"product_tag-cardigan-tejido","11":"product_tag-chaleco","12":"product_tag-chaleco-mujer","13":"product_tag-chalecos","14":"product_tag-gaban","15":"product_tag-gaban-de-mujer","16":"product_tag-gabanes","17":"product_tag-moda","18":"product_tag-moda-colombia","19":"product_tag-moda-juvenil","20":"product_tag-moda-mujer","21":"product_tag-moda-online-colombia","22":"product_tag-parkas","23":"product_tag-parkas-mujer","24":"product_tag-ropa-juvenil","26":"first","27":"instock","28":"sale","29":"taxable","30":"shipping-taxable","31":"purchasable","32":"product-type-variable"},"_links":{"self":[{"href":"https:\/\/abiutiendaonline.com\/home\/wp-json\/wp\/v2\/product\/3182","targetHints":{"allow":["GET"]}}],"collection":[{"href":"https:\/\/abiutiendaonline.com\/home\/wp-json\/wp\/v2\/product"}],"about":[{"href":"https:\/\/abiutiendaonline.com\/home\/wp-json\/wp\/v2\/types\/product"}],"replies":[{"embeddable":true,"href":"https:\/\/abiutiendaonline.com\/home\/wp-json\/wp\/v2\/comments?post=3182"}],"wp:featuredmedia":[{"embeddable":true,"href":"https:\/\/abiutiendaonline.com\/home\/wp-json\/wp\/v2\/media\/3186"}],"wp:attachment":[{"href":"https:\/\/abiutiendaonline.com\/home\/wp-json\/wp\/v2\/media?parent=3182"}],"wp:term":[{"taxonomy":"product_brand","embeddable":true,"href":"https:\/\/abiutiendaonline.com\/home\/wp-json\/wp\/v2\/product_brand?post=3182"},{"taxonomy":"product_cat","embeddable":true,"href":"https:\/\/abiutiendaonline.com\/home\/wp-json\/wp\/v2\/product_cat?post=3182"},{"taxonomy":"product_tag","embeddable":true,"href":"https:\/\/abiutiendaonline.com\/home\/wp-json\/wp\/v2\/product_tag?post=3182"}],"curies":[{"name":"wp","href":"https:\/\/api.w.org\/{rel}","templated":true}]}}