{"id":329,"date":"2022-09-08T22:55:51","date_gmt":"2022-09-08T22:55:51","guid":{"rendered":"https:\/\/abiutiendaonline.com\/home\/?post_type=product&#038;p=329"},"modified":"2022-10-13T17:14:38","modified_gmt":"2022-10-13T17:14:38","slug":"vestido-midi-negro","status":"publish","type":"product","link":"https:\/\/abiutiendaonline.com\/home\/producto\/vestido-midi-negro\/","title":{"rendered":"Vestido Midi Negro"},"content":{"rendered":"<p>Vestido midi (3\/4) negro ajustado a la silueta.<\/p>\n<p>Talla: \u00danica (funciona para talla S M L)<br \/>\nMaterial: Algod\u00f3n licrado<br \/>\nColor:negro<br \/>\nLargo:1,10cms<br \/>\nCuello: Cuello redondo<\/p>\n","protected":false},"excerpt":{"rendered":"<p>Es una pieza c\u00f3moda y fresca que te har\u00e1 lucir siempre hermosa. Manga siza. \u00dasalo con tennis, botines o para un look mas elegante con tacones! Elaborado en licra algod\u00f3n.<\/p>\n","protected":false},"featured_media":375,"comment_status":"open","ping_status":"closed","template":"","meta":{"_monsterinsights_skip_tracking":false,"_monsterinsights_sitenote_active":false,"_monsterinsights_sitenote_note":"","_monsterinsights_sitenote_category":0},"product_brand":[],"product_cat":[266,84],"product_tag":[28,29,119,30,35,85,88,121,122],"class_list":{"0":"post-329","1":"product","2":"type-product","3":"status-publish","4":"has-post-thumbnail","6":"product_cat-basicos","7":"product_cat-vestidos","8":"product_tag-moda-juvenil","9":"product_tag-moda-mujer","10":"product_tag-moda-online","11":"product_tag-moda-online-colombia","12":"product_tag-ropa-juvenil","13":"product_tag-vestido","14":"product_tag-vestido-de-moda","15":"product_tag-vestido-largo","16":"product_tag-vestido-negro","18":"first","19":"instock","20":"taxable","21":"shipping-taxable","22":"purchasable","23":"product-type-variable"},"_links":{"self":[{"href":"https:\/\/abiutiendaonline.com\/home\/wp-json\/wp\/v2\/product\/329","targetHints":{"allow":["GET"]}}],"collection":[{"href":"https:\/\/abiutiendaonline.com\/home\/wp-json\/wp\/v2\/product"}],"about":[{"href":"https:\/\/abiutiendaonline.com\/home\/wp-json\/wp\/v2\/types\/product"}],"replies":[{"embeddable":true,"href":"https:\/\/abiutiendaonline.com\/home\/wp-json\/wp\/v2\/comments?post=329"}],"wp:featuredmedia":[{"embeddable":true,"href":"https:\/\/abiutiendaonline.com\/home\/wp-json\/wp\/v2\/media\/375"}],"wp:attachment":[{"href":"https:\/\/abiutiendaonline.com\/home\/wp-json\/wp\/v2\/media?parent=329"}],"wp:term":[{"taxonomy":"product_brand","embeddable":true,"href":"https:\/\/abiutiendaonline.com\/home\/wp-json\/wp\/v2\/product_brand?post=329"},{"taxonomy":"product_cat","embeddable":true,"href":"https:\/\/abiutiendaonline.com\/home\/wp-json\/wp\/v2\/product_cat?post=329"},{"taxonomy":"product_tag","embeddable":true,"href":"https:\/\/abiutiendaonline.com\/home\/wp-json\/wp\/v2\/product_tag?post=329"}],"curies":[{"name":"wp","href":"https:\/\/api.w.org\/{rel}","templated":true}]}}