{"id":3299,"date":"2023-12-12T04:10:45","date_gmt":"2023-12-12T04:10:45","guid":{"rendered":"https:\/\/abiutiendaonline.com\/home\/?post_type=product&#038;p=3299"},"modified":"2025-03-08T22:04:26","modified_gmt":"2025-03-08T22:04:26","slug":"falda-short-pana-miel","status":"publish","type":"product","link":"https:\/\/abiutiendaonline.com\/home\/producto\/falda-short-pana-miel\/","title":{"rendered":"Falda Short Pana Miel"},"content":{"rendered":"<p>\ud83d\udc96 Falda Short Pana Miel<\/p>\n<p>-Talla: S (4 o 6 en jean) M (8) L (10)<br \/>\n-Material: Pana<br \/>\n-Color: Miel<br \/>\n-Estilo: Casual\/Elegante<br \/>\n-Producto 100% Colombiano<\/p>\n<p>&#8211; La modelo esta usando talla S, mide 1,59<\/p>\n<p>\ud83d\ude9b\u00a0Env\u00edos a todo Colombia<\/p>\n<p>\u2013 Ciudades principales de 1 a 4 d\u00edas h\u00e1biles.<br \/>\n\u2013 Resto del pa\u00eds de 3 a 8 d\u00edas h\u00e1biles.<\/p>\n<p><strong><a href=\"https:\/\/api.whatsapp.com\/send?phone=573124681462\" target=\"_blank\" rel=\"noopener\">\ud83d\udcf2\u00a0Compra por Whatsapp!<\/a><\/strong><\/p>\n<p>&nbsp;<\/p>\n<p>&nbsp;<\/p>\n<p>&nbsp;<\/p>\n","protected":false},"excerpt":{"rendered":"<div class=\"prd-information mbl prm\">\n<p>Las falda short es una prenda muy c\u00f3moda que nos har\u00e1 ver y sentir lindas. Esta falda trae un short interno con el cual te sentiras muy c\u00f3moda. Puedes usarla tanto para looks formales como casuales.<\/p>\n<\/div>\n","protected":false},"featured_media":3303,"comment_status":"open","ping_status":"closed","template":"","meta":{"_monsterinsights_skip_tracking":false,"_monsterinsights_sitenote_active":false,"_monsterinsights_sitenote_note":"","_monsterinsights_sitenote_category":0},"product_brand":[],"product_cat":[52,265],"product_tag":[348,286,43,100,282,283,277,278,279,349,254,255,256,328,152,21,27,28,29,30,344,280,281,35,284,285],"class_list":{"0":"post-3299","1":"product","2":"type-product","3":"status-publish","4":"has-post-thumbnail","6":"product_cat-faldas","7":"product_cat-tendencias","8":"product_tag-animal-print","9":"product_tag-busos-de-mujer","10":"product_tag-cardigan","11":"product_tag-cardigan-de-moda","12":"product_tag-cardigan-mujer","13":"product_tag-cardigan-tejido","14":"product_tag-chaleco","15":"product_tag-chaleco-mujer","16":"product_tag-chalecos","17":"product_tag-falda-animal-print","18":"product_tag-gaban","19":"product_tag-gaban-de-mujer","20":"product_tag-gabanes","21":"product_tag-jean-skiny","22":"product_tag-jean-tiro-alto","23":"product_tag-moda","24":"product_tag-moda-colombia","25":"product_tag-moda-juvenil","26":"product_tag-moda-mujer","27":"product_tag-moda-online-colombia","28":"product_tag-pantalon-rojo","29":"product_tag-parkas","30":"product_tag-parkas-mujer","31":"product_tag-ropa-juvenil","32":"product_tag-tejidos","33":"product_tag-tejidos-mujer","35":"first","36":"instock","37":"taxable","38":"shipping-taxable","39":"purchasable","40":"product-type-variable"},"_links":{"self":[{"href":"https:\/\/abiutiendaonline.com\/home\/wp-json\/wp\/v2\/product\/3299","targetHints":{"allow":["GET"]}}],"collection":[{"href":"https:\/\/abiutiendaonline.com\/home\/wp-json\/wp\/v2\/product"}],"about":[{"href":"https:\/\/abiutiendaonline.com\/home\/wp-json\/wp\/v2\/types\/product"}],"replies":[{"embeddable":true,"href":"https:\/\/abiutiendaonline.com\/home\/wp-json\/wp\/v2\/comments?post=3299"}],"wp:featuredmedia":[{"embeddable":true,"href":"https:\/\/abiutiendaonline.com\/home\/wp-json\/wp\/v2\/media\/3303"}],"wp:attachment":[{"href":"https:\/\/abiutiendaonline.com\/home\/wp-json\/wp\/v2\/media?parent=3299"}],"wp:term":[{"taxonomy":"product_brand","embeddable":true,"href":"https:\/\/abiutiendaonline.com\/home\/wp-json\/wp\/v2\/product_brand?post=3299"},{"taxonomy":"product_cat","embeddable":true,"href":"https:\/\/abiutiendaonline.com\/home\/wp-json\/wp\/v2\/product_cat?post=3299"},{"taxonomy":"product_tag","embeddable":true,"href":"https:\/\/abiutiendaonline.com\/home\/wp-json\/wp\/v2\/product_tag?post=3299"}],"curies":[{"name":"wp","href":"https:\/\/api.w.org\/{rel}","templated":true}]}}