{"id":3315,"date":"2023-12-12T04:20:59","date_gmt":"2023-12-12T04:20:59","guid":{"rendered":"https:\/\/abiutiendaonline.com\/home\/?post_type=product&#038;p=3315"},"modified":"2024-11-22T19:58:18","modified_gmt":"2024-11-22T19:58:18","slug":"top-alicia-camel","status":"publish","type":"product","link":"https:\/\/abiutiendaonline.com\/home\/producto\/top-alicia-camel\/","title":{"rendered":"Top Alicia Camel"},"content":{"rendered":"<p>\ud83d\udc96\u00a0 Top Alicia Camel<br \/>\nTalla: S M L<br \/>\nMaterial: Rib Licrado<br \/>\nManga Siza<br \/>\nSilueta al cuerpo<br \/>\nLargo: 35ms<br \/>\n-Producto 100% Colombiano<br \/>\n&#8211; La modelo esta usando una talla S, mide 1,65<\/p>\n<p>\ud83d\ude9b\u00a0Env\u00edos a todo Colombia<\/p>\n<p>\u2013 Ciudades principales de 1 a 4 d\u00edas h\u00e1biles.<br \/>\n\u2013 Resto del pa\u00eds de 3 a 8 d\u00edas h\u00e1biles.<\/p>\n<p><strong><a href=\"https:\/\/api.whatsapp.com\/send?phone=573124681462\" target=\"_blank\" rel=\"noopener\">\ud83d\udcf2\u00a0Compra por Whatsapp!<\/a><\/strong><\/p>\n<p>&nbsp;<\/p>\n","protected":false},"excerpt":{"rendered":"<p>Un top b\u00e1sico no puede faltar en tu closet, te ayudara a crear infinidad de outfits. son perfectas para combinar con jeans, faldas, pantalones formales entre otros. La combinaci\u00f3n de 2 tonos en un mismo top es una tendencia que no puede faltar en tu armario.<\/p>\n","protected":false},"featured_media":3319,"comment_status":"open","ping_status":"closed","template":"","meta":{"_monsterinsights_skip_tracking":false,"_monsterinsights_sitenote_active":false,"_monsterinsights_sitenote_note":"","_monsterinsights_sitenote_category":0},"product_brand":[],"product_cat":[19],"product_tag":[96,70,76,71,77,185,273,242,274,21,27,28,29,30,35],"class_list":{"0":"post-3315","1":"product","2":"type-product","3":"status-publish","4":"has-post-thumbnail","6":"product_cat-rebajas","7":"product_tag-blusa-negra","8":"product_tag-bodys","9":"product_tag-bodys-cuello-tortuga","10":"product_tag-bodys-de-moda","11":"product_tag-bodys-negros","12":"product_tag-camisetas","13":"product_tag-camisetas-estampadas","14":"product_tag-crop-tops","15":"product_tag-mensajes-motivadores","16":"product_tag-moda","17":"product_tag-moda-colombia","18":"product_tag-moda-juvenil","19":"product_tag-moda-mujer","20":"product_tag-moda-online-colombia","21":"product_tag-ropa-juvenil","23":"first","24":"instock","25":"sale","26":"taxable","27":"shipping-taxable","28":"purchasable","29":"product-type-variable"},"_links":{"self":[{"href":"https:\/\/abiutiendaonline.com\/home\/wp-json\/wp\/v2\/product\/3315","targetHints":{"allow":["GET"]}}],"collection":[{"href":"https:\/\/abiutiendaonline.com\/home\/wp-json\/wp\/v2\/product"}],"about":[{"href":"https:\/\/abiutiendaonline.com\/home\/wp-json\/wp\/v2\/types\/product"}],"replies":[{"embeddable":true,"href":"https:\/\/abiutiendaonline.com\/home\/wp-json\/wp\/v2\/comments?post=3315"}],"wp:featuredmedia":[{"embeddable":true,"href":"https:\/\/abiutiendaonline.com\/home\/wp-json\/wp\/v2\/media\/3319"}],"wp:attachment":[{"href":"https:\/\/abiutiendaonline.com\/home\/wp-json\/wp\/v2\/media?parent=3315"}],"wp:term":[{"taxonomy":"product_brand","embeddable":true,"href":"https:\/\/abiutiendaonline.com\/home\/wp-json\/wp\/v2\/product_brand?post=3315"},{"taxonomy":"product_cat","embeddable":true,"href":"https:\/\/abiutiendaonline.com\/home\/wp-json\/wp\/v2\/product_cat?post=3315"},{"taxonomy":"product_tag","embeddable":true,"href":"https:\/\/abiutiendaonline.com\/home\/wp-json\/wp\/v2\/product_tag?post=3315"}],"curies":[{"name":"wp","href":"https:\/\/api.w.org\/{rel}","templated":true}]}}