{"id":3396,"date":"2024-01-15T14:31:40","date_gmt":"2024-01-15T14:31:40","guid":{"rendered":"https:\/\/abiutiendaonline.com\/home\/?post_type=product&#038;p=3396"},"modified":"2024-04-25T03:44:33","modified_gmt":"2024-04-25T03:44:33","slug":"chaleco-cuero-beige","status":"publish","type":"product","link":"https:\/\/abiutiendaonline.com\/home\/producto\/chaleco-cuero-beige\/","title":{"rendered":"Chaleco cuero Beige"},"content":{"rendered":"<p>\ud83d\udc96 Chaleco, forrado con guata<\/p>\n<p>-Talla: S M L<br \/>\n-Material: Cuerotex<br \/>\n-Color: Beige<br \/>\n-Estilo: Casual<br \/>\n-Largo: 45cms aprox (S)<br \/>\n-Contorno: 95-98 cms<br \/>\n-Datos Modelo: Usa talla S, mide 159 cms<br \/>\n-Producto 100% Colombiano<\/p>\n<p>\ud83d\ude9b\u00a0Env\u00edos a todo Colombia<\/p>\n<p>\u2013 Ciudades principales de 1 a 4 d\u00edas h\u00e1biles.<br \/>\n\u2013 Resto del pa\u00eds de 3 a 8 d\u00edas h\u00e1biles.<\/p>\n<p><strong><a href=\"https:\/\/api.whatsapp.com\/send?phone=573124681462\" target=\"_blank\" rel=\"noopener\">\ud83d\udcf2\u00a0Compra por Whatsapp!<\/a><\/strong><\/p>\n<p>&nbsp;<\/p>\n","protected":false},"excerpt":{"rendered":"<div class=\"prd-information mbl prm\">\n<p>Chaleco en cuerotex, una prenda de tendencia en esta temporada,\u00a0 son perfectos para usar con jeans o shorts y darle un toque muy trendy a tus outfits.<\/p>\n<\/div>\n","protected":false},"featured_media":1028,"comment_status":"open","ping_status":"closed","template":"","meta":{"_monsterinsights_skip_tracking":false,"_monsterinsights_sitenote_active":false,"_monsterinsights_sitenote_note":"","_monsterinsights_sitenote_category":0},"product_brand":[],"product_cat":[265],"product_tag":[254,255,256,21,27,28,29,30,35],"class_list":{"0":"post-3396","1":"product","2":"type-product","3":"status-publish","4":"has-post-thumbnail","6":"product_cat-tendencias","7":"product_tag-gaban","8":"product_tag-gaban-de-mujer","9":"product_tag-gabanes","10":"product_tag-moda","11":"product_tag-moda-colombia","12":"product_tag-moda-juvenil","13":"product_tag-moda-mujer","14":"product_tag-moda-online-colombia","15":"product_tag-ropa-juvenil","17":"first","18":"instock","19":"taxable","20":"shipping-taxable","21":"purchasable","22":"product-type-variable"},"_links":{"self":[{"href":"https:\/\/abiutiendaonline.com\/home\/wp-json\/wp\/v2\/product\/3396","targetHints":{"allow":["GET"]}}],"collection":[{"href":"https:\/\/abiutiendaonline.com\/home\/wp-json\/wp\/v2\/product"}],"about":[{"href":"https:\/\/abiutiendaonline.com\/home\/wp-json\/wp\/v2\/types\/product"}],"replies":[{"embeddable":true,"href":"https:\/\/abiutiendaonline.com\/home\/wp-json\/wp\/v2\/comments?post=3396"}],"wp:featuredmedia":[{"embeddable":true,"href":"https:\/\/abiutiendaonline.com\/home\/wp-json\/wp\/v2\/media\/1028"}],"wp:attachment":[{"href":"https:\/\/abiutiendaonline.com\/home\/wp-json\/wp\/v2\/media?parent=3396"}],"wp:term":[{"taxonomy":"product_brand","embeddable":true,"href":"https:\/\/abiutiendaonline.com\/home\/wp-json\/wp\/v2\/product_brand?post=3396"},{"taxonomy":"product_cat","embeddable":true,"href":"https:\/\/abiutiendaonline.com\/home\/wp-json\/wp\/v2\/product_cat?post=3396"},{"taxonomy":"product_tag","embeddable":true,"href":"https:\/\/abiutiendaonline.com\/home\/wp-json\/wp\/v2\/product_tag?post=3396"}],"curies":[{"name":"wp","href":"https:\/\/api.w.org\/{rel}","templated":true}]}}