{"id":4252,"date":"2024-08-22T22:18:47","date_gmt":"2024-08-22T22:18:47","guid":{"rendered":"https:\/\/abiutiendaonline.com\/home\/?post_type=product&#038;p=4252"},"modified":"2024-08-22T22:43:47","modified_gmt":"2024-08-22T22:43:47","slug":"cardigan-elia-gris","status":"publish","type":"product","link":"https:\/\/abiutiendaonline.com\/home\/producto\/cardigan-elia-gris\/","title":{"rendered":"Cardigan Elia Gris"},"content":{"rendered":"<p>\ud83d\udc96 Cardigan Elia Gris<\/p>\n<p>-Talla: Talla \u00fanica (Se ajusta a una talla S M \u00f3 L ya que su estilo es Oversize)<br \/>\n-Material: Hilo<br \/>\n-Color: Gris<br \/>\n-Estilo: Casual<br \/>\n-Largo: 74cms<br \/>\n-Contorno: 93cms-100cms<br \/>\n-Datos Modelo: Usa en blusa talla S, Miide 159 cms<br \/>\n-Producto 100% Colombiano<\/p>\n<p>\ud83d\ude9b\u00a0Env\u00edos a todo Colombia<\/p>\n<p>\u2013 Ciudades principales de 1 a 4 d\u00edas h\u00e1biles.<br \/>\n\u2013 Resto del pa\u00eds de 3 a 8 d\u00edas h\u00e1biles.<\/p>\n<p><strong><a href=\"https:\/\/api.whatsapp.com\/send?phone=573124681462\" target=\"_blank\" rel=\"noopener\">\ud83d\udcf2\u00a0Compra por Whatsapp!<\/a><\/strong><\/p>\n<p>&nbsp;<\/p>\n<p>&nbsp;<\/p>\n<p>&nbsp;<\/p>\n","protected":false},"excerpt":{"rendered":"<div class=\"prd-information mbl prm\">\n<p>Cardigan Elia Gris by Abi\u00fa. Es una prenda muy c\u00f3moda, vers\u00e1til y atemporal, la cual podr\u00e1s combinar con varias prendas y crear looks c\u00f3modos y modernos.<\/p>\n<\/div>\n","protected":false},"featured_media":4257,"comment_status":"open","ping_status":"closed","template":"","meta":{"_monsterinsights_skip_tracking":false,"_monsterinsights_sitenote_active":false,"_monsterinsights_sitenote_note":"","_monsterinsights_sitenote_category":0},"product_brand":[],"product_cat":[268],"product_tag":[43,100,282,283,277,278,279,254,255,256,21,27,28,29,30,280,281,35],"class_list":{"0":"post-4252","1":"product","2":"type-product","3":"status-publish","4":"has-post-thumbnail","6":"product_cat-tejidos","7":"product_tag-cardigan","8":"product_tag-cardigan-de-moda","9":"product_tag-cardigan-mujer","10":"product_tag-cardigan-tejido","11":"product_tag-chaleco","12":"product_tag-chaleco-mujer","13":"product_tag-chalecos","14":"product_tag-gaban","15":"product_tag-gaban-de-mujer","16":"product_tag-gabanes","17":"product_tag-moda","18":"product_tag-moda-colombia","19":"product_tag-moda-juvenil","20":"product_tag-moda-mujer","21":"product_tag-moda-online-colombia","22":"product_tag-parkas","23":"product_tag-parkas-mujer","24":"product_tag-ropa-juvenil","26":"first","27":"instock","28":"taxable","29":"shipping-taxable","30":"purchasable","31":"product-type-variable"},"_links":{"self":[{"href":"https:\/\/abiutiendaonline.com\/home\/wp-json\/wp\/v2\/product\/4252","targetHints":{"allow":["GET"]}}],"collection":[{"href":"https:\/\/abiutiendaonline.com\/home\/wp-json\/wp\/v2\/product"}],"about":[{"href":"https:\/\/abiutiendaonline.com\/home\/wp-json\/wp\/v2\/types\/product"}],"replies":[{"embeddable":true,"href":"https:\/\/abiutiendaonline.com\/home\/wp-json\/wp\/v2\/comments?post=4252"}],"wp:featuredmedia":[{"embeddable":true,"href":"https:\/\/abiutiendaonline.com\/home\/wp-json\/wp\/v2\/media\/4257"}],"wp:attachment":[{"href":"https:\/\/abiutiendaonline.com\/home\/wp-json\/wp\/v2\/media?parent=4252"}],"wp:term":[{"taxonomy":"product_brand","embeddable":true,"href":"https:\/\/abiutiendaonline.com\/home\/wp-json\/wp\/v2\/product_brand?post=4252"},{"taxonomy":"product_cat","embeddable":true,"href":"https:\/\/abiutiendaonline.com\/home\/wp-json\/wp\/v2\/product_cat?post=4252"},{"taxonomy":"product_tag","embeddable":true,"href":"https:\/\/abiutiendaonline.com\/home\/wp-json\/wp\/v2\/product_tag?post=4252"}],"curies":[{"name":"wp","href":"https:\/\/api.w.org\/{rel}","templated":true}]}}