{"id":4646,"date":"2024-12-13T18:59:29","date_gmt":"2024-12-13T18:59:29","guid":{"rendered":"https:\/\/abiutiendaonline.com\/home\/?post_type=product&#038;p=4646"},"modified":"2026-04-13T18:07:20","modified_gmt":"2026-04-13T18:07:20","slug":"falda-short-scuba-negra-vinotinto","status":"publish","type":"product","link":"https:\/\/abiutiendaonline.com\/home\/producto\/falda-short-scuba-negra-vinotinto\/","title":{"rendered":"Falda Short Scuba Vinotinto"},"content":{"rendered":"<div style=\"width: 1080px;\" class=\"wp-video\"><video class=\"wp-video-shortcode\" id=\"video-4646-1\" width=\"1080\" height=\"1920\" preload=\"metadata\" controls=\"controls\"><source type=\"video\/mp4\" src=\"https:\/\/abiutiendaonline.com\/home\/wp-content\/uploads\/2024\/12\/Falda-short-scuba-vino.mp4?_=1\" \/><a href=\"https:\/\/abiutiendaonline.com\/home\/wp-content\/uploads\/2024\/12\/Falda-short-scuba-vino.mp4\">https:\/\/abiutiendaonline.com\/home\/wp-content\/uploads\/2024\/12\/Falda-short-scuba-vino.mp4<\/a><\/video><\/div>\n<p>\ud83d\udc96 Falda Short Scuba vinotinto<\/p>\n<p>-Talla: S M L XL<\/p>\n<p class=\"p1\">Talla S: Se ajusta a una talla 4-6 en jean<\/p>\n<p class=\"p1\">Talla M: Se ajusta a una talla 8 en jean<\/p>\n<p class=\"p1\">Talla L: Se ajusta a una talla 10-12 en jean<\/p>\n<p class=\"p1\">Talla XL: Se ajusta a una talla 14-16 en jean<\/p>\n<p class=\"p1\">Revisa la tabla de medias para que escojas la talla correcta!<\/p>\n<p>-Material: Scuba crepe (Es una tela licrada, no transparenta)<br \/>\n-Color: Vinotinto<br \/>\n-Estilo: Casual\/Elegante<br \/>\n-Producto 100% Colombiano<\/p>\n<p>&#8211; La modelo esta usando talla S, mide 1,59<\/p>\n<p>\ud83d\ude9b\u00a0Env\u00edos a todo Colombia<\/p>\n<p>\u2013 Ciudades principales de 1 a 4 d\u00edas h\u00e1biles.<br \/>\n\u2013 Resto del pa\u00eds de 3 a 8 d\u00edas h\u00e1biles.<\/p>\n<p><strong><a href=\"https:\/\/api.whatsapp.com\/send?phone=573124681462\" target=\"_blank\" rel=\"noopener\">\ud83d\udcf2\u00a0Compra por Whatsapp!<\/a><\/strong><\/p>\n<p>&nbsp;<\/p>\n","protected":false},"excerpt":{"rendered":"<div class=\"prd-information mbl prm\">\n<p>Las falda shorts son una prenda muy c\u00f3moda que te har\u00e1n ver y sentir increible y muy c\u00f3moda. Esta falda trae short interno con el cual te sentiras muy c\u00f3moda. Puedes usarla tanto para looks formales como casuales.<\/p>\n<\/div>\n","protected":false},"featured_media":4655,"comment_status":"open","ping_status":"closed","template":"","meta":{"_monsterinsights_skip_tracking":false,"_monsterinsights_sitenote_active":false,"_monsterinsights_sitenote_note":"","_monsterinsights_sitenote_category":0},"product_brand":[],"product_cat":[52,463,265],"product_tag":[348,286,21,27,28,29,30,35],"class_list":{"0":"post-4646","1":"product","2":"type-product","3":"status-publish","4":"has-post-thumbnail","6":"product_cat-faldas","7":"product_cat-lo-nuevo","8":"product_cat-tendencias","9":"product_tag-animal-print","10":"product_tag-busos-de-mujer","11":"product_tag-moda","12":"product_tag-moda-colombia","13":"product_tag-moda-juvenil","14":"product_tag-moda-mujer","15":"product_tag-moda-online-colombia","16":"product_tag-ropa-juvenil","18":"first","19":"instock","20":"taxable","21":"shipping-taxable","22":"purchasable","23":"product-type-variable"},"_links":{"self":[{"href":"https:\/\/abiutiendaonline.com\/home\/wp-json\/wp\/v2\/product\/4646","targetHints":{"allow":["GET"]}}],"collection":[{"href":"https:\/\/abiutiendaonline.com\/home\/wp-json\/wp\/v2\/product"}],"about":[{"href":"https:\/\/abiutiendaonline.com\/home\/wp-json\/wp\/v2\/types\/product"}],"replies":[{"embeddable":true,"href":"https:\/\/abiutiendaonline.com\/home\/wp-json\/wp\/v2\/comments?post=4646"}],"wp:featuredmedia":[{"embeddable":true,"href":"https:\/\/abiutiendaonline.com\/home\/wp-json\/wp\/v2\/media\/4655"}],"wp:attachment":[{"href":"https:\/\/abiutiendaonline.com\/home\/wp-json\/wp\/v2\/media?parent=4646"}],"wp:term":[{"taxonomy":"product_brand","embeddable":true,"href":"https:\/\/abiutiendaonline.com\/home\/wp-json\/wp\/v2\/product_brand?post=4646"},{"taxonomy":"product_cat","embeddable":true,"href":"https:\/\/abiutiendaonline.com\/home\/wp-json\/wp\/v2\/product_cat?post=4646"},{"taxonomy":"product_tag","embeddable":true,"href":"https:\/\/abiutiendaonline.com\/home\/wp-json\/wp\/v2\/product_tag?post=4646"}],"curies":[{"name":"wp","href":"https:\/\/api.w.org\/{rel}","templated":true}]}}