{"id":4679,"date":"2024-12-16T16:46:17","date_gmt":"2024-12-16T16:46:17","guid":{"rendered":"https:\/\/abiutiendaonline.com\/home\/?post_type=product&#038;p=4679"},"modified":"2026-04-13T17:03:19","modified_gmt":"2026-04-13T17:03:19","slug":"vestido-flores-negro","status":"publish","type":"product","link":"https:\/\/abiutiendaonline.com\/home\/producto\/vestido-flores-negro\/","title":{"rendered":"Vestido Negro Flores"},"content":{"rendered":"<div style=\"width: 720px;\" class=\"wp-video\"><video class=\"wp-video-shortcode\" id=\"video-4679-1\" width=\"720\" height=\"1280\" preload=\"metadata\" controls=\"controls\"><source type=\"video\/mp4\" src=\"https:\/\/abiutiendaonline.com\/home\/wp-content\/uploads\/2024\/12\/WhatsApp-Video-2025-03-13-at-3.02.49-PM.mp4?_=1\" \/><a href=\"https:\/\/abiutiendaonline.com\/home\/wp-content\/uploads\/2024\/12\/WhatsApp-Video-2025-03-13-at-3.02.49-PM.mp4\">https:\/\/abiutiendaonline.com\/home\/wp-content\/uploads\/2024\/12\/WhatsApp-Video-2025-03-13-at-3.02.49-PM.mp4<\/a><\/video><\/div>\n<p>\ud83d\udc96 Vestido Flores Negro (incluye cintur\u00f3n)<\/p>\n<p>-Material: Seda<br \/>\n-Talla: S M L<br \/>\n-Color: Flores, base negra<br \/>\n-Largo manga: 65cms<br \/>\n-Largo vestido: 80cms (S) 82cms (M) 84 (L)<br \/>\n-Estilo: corto, escote en V<br \/>\n-Producto 100% Colombiano<br \/>\n-La modelo esta usando un talla M<\/p>\n<p>\ud83d\ude9b\u00a0Env\u00edos a todo Colombia<\/p>\n<p>\u2013 Ciudades principales de 1 a 4 d\u00edas h\u00e1biles.<br \/>\n\u2013 Resto del pa\u00eds de 3 a 8 d\u00edas h\u00e1biles.<\/p>\n<p><strong><a href=\"https:\/\/api.whatsapp.com\/send?phone=573124681462\" target=\"_blank\" rel=\"noopener\">\ud83d\udcf2\u00a0Compra por Whatsapp!<\/a><\/strong><\/p>\n","protected":false},"excerpt":{"rendered":"<p style=\"padding-left: 40px;\">Un vestido hermoso con estampado de flores que te har\u00e1 brillar. Combinalo con tenis, botines, chaquetas, gabanes entre otros.<\/p>\n","protected":false},"featured_media":4681,"comment_status":"open","ping_status":"closed","template":"","meta":{"_monsterinsights_skip_tracking":false,"_monsterinsights_sitenote_active":false,"_monsterinsights_sitenote_note":"","_monsterinsights_sitenote_category":0},"product_brand":[],"product_cat":[265,84],"product_tag":[132,133,21,27,28,30,272,137,138,35,135,136,139],"class_list":{"0":"post-4679","1":"product","2":"type-product","3":"status-publish","4":"has-post-thumbnail","6":"product_cat-tendencias","7":"product_cat-vestidos","8":"product_tag-comprar-ropa-online","9":"product_tag-comprar-ropa-online-barata","10":"product_tag-moda","11":"product_tag-moda-colombia","12":"product_tag-moda-juvenil","13":"product_tag-moda-online-colombia","14":"product_tag-rebajas","15":"product_tag-ropa-de-moda","16":"product_tag-ropa-en-linea","17":"product_tag-ropa-juvenil","18":"product_tag-ropa-online-barata-mujer","19":"product_tag-ropa-online-mujer","20":"product_tag-tienda-de-ropa-online","22":"first","23":"instock","24":"taxable","25":"shipping-taxable","26":"purchasable","27":"product-type-variable"},"_links":{"self":[{"href":"https:\/\/abiutiendaonline.com\/home\/wp-json\/wp\/v2\/product\/4679","targetHints":{"allow":["GET"]}}],"collection":[{"href":"https:\/\/abiutiendaonline.com\/home\/wp-json\/wp\/v2\/product"}],"about":[{"href":"https:\/\/abiutiendaonline.com\/home\/wp-json\/wp\/v2\/types\/product"}],"replies":[{"embeddable":true,"href":"https:\/\/abiutiendaonline.com\/home\/wp-json\/wp\/v2\/comments?post=4679"}],"wp:featuredmedia":[{"embeddable":true,"href":"https:\/\/abiutiendaonline.com\/home\/wp-json\/wp\/v2\/media\/4681"}],"wp:attachment":[{"href":"https:\/\/abiutiendaonline.com\/home\/wp-json\/wp\/v2\/media?parent=4679"}],"wp:term":[{"taxonomy":"product_brand","embeddable":true,"href":"https:\/\/abiutiendaonline.com\/home\/wp-json\/wp\/v2\/product_brand?post=4679"},{"taxonomy":"product_cat","embeddable":true,"href":"https:\/\/abiutiendaonline.com\/home\/wp-json\/wp\/v2\/product_cat?post=4679"},{"taxonomy":"product_tag","embeddable":true,"href":"https:\/\/abiutiendaonline.com\/home\/wp-json\/wp\/v2\/product_tag?post=4679"}],"curies":[{"name":"wp","href":"https:\/\/api.w.org\/{rel}","templated":true}]}}