{"id":4701,"date":"2024-12-17T21:09:07","date_gmt":"2024-12-17T21:09:07","guid":{"rendered":"https:\/\/abiutiendaonline.com\/home\/?post_type=product&#038;p=4701"},"modified":"2026-01-30T15:42:17","modified_gmt":"2026-01-30T15:42:17","slug":"vestido-madison-cebra","status":"publish","type":"product","link":"https:\/\/abiutiendaonline.com\/home\/producto\/vestido-madison-cebra\/","title":{"rendered":"Vestido Largo Estampado Cebra"},"content":{"rendered":"<div style=\"width: 1080px;\" class=\"wp-video\"><video class=\"wp-video-shortcode\" id=\"video-4701-1\" width=\"1080\" height=\"1920\" preload=\"metadata\" controls=\"controls\"><source type=\"video\/mp4\" src=\"https:\/\/abiutiendaonline.com\/home\/wp-content\/uploads\/2024\/12\/Video-pauta-V.Madison-1.mp4?_=1\" \/><a href=\"https:\/\/abiutiendaonline.com\/home\/wp-content\/uploads\/2024\/12\/Video-pauta-V.Madison-1.mp4\">https:\/\/abiutiendaonline.com\/home\/wp-content\/uploads\/2024\/12\/Video-pauta-V.Madison-1.mp4<\/a><\/video><\/div>\n<p>\ud83d\udc96 Vestido Madison Cebra (incluye cintur\u00f3n)<\/p>\n<p>-Material: Acetato tela licrada<br \/>\n-Talla: Talla \u00fanica (se ajusta a una talla S M L)<br \/>\n-Color: Cafe y negro<br \/>\n-Largo manga: 65cms<br \/>\n-Largo vestido: 1,20cms<br \/>\n-Producto 100% Colombiano<\/p>\n<p>\ud83d\ude9b\u00a0Env\u00edos a todo Colombia<\/p>\n<p>\u2013 Ciudades principales de 1 a 4 d\u00edas h\u00e1biles.<br \/>\n\u2013 Resto del pa\u00eds de 3 a 8 d\u00edas h\u00e1biles.<\/p>\n<p><strong><a href=\"https:\/\/api.whatsapp.com\/send?phone=573124681462\" target=\"_blank\" rel=\"noopener\">\ud83d\udcf2\u00a0Compra por Whatsapp!<\/a><\/strong><\/p>\n","protected":false},"excerpt":{"rendered":"<p>Este vestido es un hit, su horma y su material es perfecto, se ajusta perfectamente a varias siluetas del cuerpo. Definitivamente no puede faltar en tu cLoset. Combinalo con tenis, botines, chaquetas, gabanes entre otros. Perfecto para looks casuales y formales.<\/p>\n","protected":false},"featured_media":4705,"comment_status":"open","ping_status":"closed","template":"","meta":{"_monsterinsights_skip_tracking":false,"_monsterinsights_sitenote_active":false,"_monsterinsights_sitenote_note":"","_monsterinsights_sitenote_category":0},"product_brand":[],"product_cat":[265,84],"product_tag":[132,133,21,27,28,30,272,137,138,35,135,136,139,121,444],"class_list":{"0":"post-4701","1":"product","2":"type-product","3":"status-publish","4":"has-post-thumbnail","6":"product_cat-tendencias","7":"product_cat-vestidos","8":"product_tag-comprar-ropa-online","9":"product_tag-comprar-ropa-online-barata","10":"product_tag-moda","11":"product_tag-moda-colombia","12":"product_tag-moda-juvenil","13":"product_tag-moda-online-colombia","14":"product_tag-rebajas","15":"product_tag-ropa-de-moda","16":"product_tag-ropa-en-linea","17":"product_tag-ropa-juvenil","18":"product_tag-ropa-online-barata-mujer","19":"product_tag-ropa-online-mujer","20":"product_tag-tienda-de-ropa-online","21":"product_tag-vestido-largo","22":"product_tag-vestidos-de-mujer","24":"first","25":"instock","26":"taxable","27":"shipping-taxable","28":"purchasable","29":"product-type-variable"},"_links":{"self":[{"href":"https:\/\/abiutiendaonline.com\/home\/wp-json\/wp\/v2\/product\/4701","targetHints":{"allow":["GET"]}}],"collection":[{"href":"https:\/\/abiutiendaonline.com\/home\/wp-json\/wp\/v2\/product"}],"about":[{"href":"https:\/\/abiutiendaonline.com\/home\/wp-json\/wp\/v2\/types\/product"}],"replies":[{"embeddable":true,"href":"https:\/\/abiutiendaonline.com\/home\/wp-json\/wp\/v2\/comments?post=4701"}],"wp:featuredmedia":[{"embeddable":true,"href":"https:\/\/abiutiendaonline.com\/home\/wp-json\/wp\/v2\/media\/4705"}],"wp:attachment":[{"href":"https:\/\/abiutiendaonline.com\/home\/wp-json\/wp\/v2\/media?parent=4701"}],"wp:term":[{"taxonomy":"product_brand","embeddable":true,"href":"https:\/\/abiutiendaonline.com\/home\/wp-json\/wp\/v2\/product_brand?post=4701"},{"taxonomy":"product_cat","embeddable":true,"href":"https:\/\/abiutiendaonline.com\/home\/wp-json\/wp\/v2\/product_cat?post=4701"},{"taxonomy":"product_tag","embeddable":true,"href":"https:\/\/abiutiendaonline.com\/home\/wp-json\/wp\/v2\/product_tag?post=4701"}],"curies":[{"name":"wp","href":"https:\/\/api.w.org\/{rel}","templated":true}]}}