{"id":5143,"date":"2025-04-05T19:28:49","date_gmt":"2025-04-05T19:28:49","guid":{"rendered":"https:\/\/abiutiendaonline.com\/home\/?post_type=product&#038;p=5143"},"modified":"2025-05-03T15:57:56","modified_gmt":"2025-05-03T15:57:56","slug":"medias-termicas-negras-con-faja-220grs","status":"publish","type":"product","link":"https:\/\/abiutiendaonline.com\/home\/producto\/medias-termicas-negras-con-faja-220grs\/","title":{"rendered":"Medias T\u00e9rmicas Negras con Faja 220grs"},"content":{"rendered":"<p>Medias T\u00e9rmicas Negras de 220grs Con faja<\/p>\n<p>-Estas medias son perfectas para climas fr\u00edos, perfectas para usar en temperaturas bajas (5 grados a 15 grados) En su interior traen terciopelo, lo cual hace que se sientan muy calienticas y c\u00f3modas.<br \/>\n-Traen faja o control de abdomen, perfectas para moldear el cuerpo y realce de gl\u00fateos. Son tiro alto<br \/>\n-Material: Nylon y terciopelo<br \/>\n-Talla: \u00danica, gracias a su material super el\u00e1stico se ajustan perfectamente desde una talla XS hasta una talla XL (14 en jean aprox)<br \/>\n-Color: Negro, efecto piel<\/p>\n<p>\ud83d\ude9b\u00a0Env\u00edos a todo Colombia<\/p>\n<p>\u2013 Ciudades principales de 1 a 4 d\u00edas h\u00e1biles.<br \/>\n\u2013 Resto del pa\u00eds de 3 a 8 d\u00edas h\u00e1biles.<\/p>\n<p><strong><a href=\"https:\/\/api.whatsapp.com\/send?phone=573124681462\" target=\"_blank\" rel=\"noopener\">\ud83d\udcf2\u00a0Compra por Whatsapp!<\/a><\/strong><\/p>\n<p>AQU\u00cd TE MOSTRAMOS COMO SE VEN LAS MEDIAS T\u00c9RMICAS DE 220GRS CON FAJA<\/p>\n<blockquote class=\"tiktok-embed\" cite=\"https:\/\/www.tiktok.com\/@abiustore\/video\/7410243169427770629\" data-video-id=\"7410243169427770629\" data-embed-from=\"oembed\" style=\"max-width:605px; min-width:325px;\">\n<section> <a target=\"_blank\" title=\"@abiustore\" href=\"https:\/\/www.tiktok.com\/@abiustore?refer=embed\" rel=\"noopener\">@abiustore<\/a> <\/p>\n<p>Llegaron las medias termicas con faja, perfectas para moldear nuestro cuerpo y realizar nuestra figura \ud83e\udd70\ud83d\udc9e <a title=\"mediastermicasbogota\" target=\"_blank\" href=\"https:\/\/www.tiktok.com\/tag\/mediastermicasbogota?refer=embed\" rel=\"noopener\">#mediastermicasbogota<\/a> <a title=\"mediastermicas\" target=\"_blank\" href=\"https:\/\/www.tiktok.com\/tag\/mediastermicas?refer=embed\" rel=\"noopener\">#mediastermicas<\/a> <a title=\"mediasvirales\" target=\"_blank\" href=\"https:\/\/www.tiktok.com\/tag\/mediasvirales?refer=embed\" rel=\"noopener\">#mediasvirales<\/a> <\/p>\n<p> <a target=\"_blank\" title=\"\u266c sonido original - AbiuStore | Ropa de Mujer\" href=\"https:\/\/www.tiktok.com\/music\/sonido-original-7410243190641543941?refer=embed\" rel=\"noopener\">\u266c sonido original &#8211; AbiuStore | Ropa de Mujer<\/a> <\/section>\n<\/blockquote>\n<p> <script async src=\"https:\/\/www.tiktok.com\/embed.js\"><\/script><\/p>\n<p>&nbsp;<\/p>\n<p>&nbsp;<\/p>\n<p>&nbsp;<\/p>\n<p>&nbsp;<\/p>\n<p>&nbsp;<\/p>\n<p>&nbsp;<\/p>\n<p>&nbsp;<\/p>\n","protected":false},"excerpt":{"rendered":"<p>Perfectas para combinar con tus faldas o vestidos favoritos en los d\u00edas fr\u00edos y lluviosos. A\u00edslan el fr\u00edo y te har\u00e1n sentir linda y c\u00f3moda.<\/p>\n","protected":false},"featured_media":5145,"comment_status":"open","ping_status":"closed","template":"","meta":{"_monsterinsights_skip_tracking":false,"_monsterinsights_sitenote_active":false,"_monsterinsights_sitenote_note":"","_monsterinsights_sitenote_category":0},"product_brand":[],"product_cat":[171],"product_tag":[456,454,455,457,21,27,28,29,30,35],"class_list":{"0":"post-5143","1":"product","2":"type-product","3":"status-publish","4":"has-post-thumbnail","6":"product_cat-accesorios","7":"product_tag-basicos","8":"product_tag-combos","9":"product_tag-falda-short","10":"product_tag-medias-termicas","11":"product_tag-moda","12":"product_tag-moda-colombia","13":"product_tag-moda-juvenil","14":"product_tag-moda-mujer","15":"product_tag-moda-online-colombia","16":"product_tag-ropa-juvenil","18":"first","19":"outofstock","20":"taxable","21":"shipping-taxable","22":"purchasable","23":"product-type-variable"},"_links":{"self":[{"href":"https:\/\/abiutiendaonline.com\/home\/wp-json\/wp\/v2\/product\/5143","targetHints":{"allow":["GET"]}}],"collection":[{"href":"https:\/\/abiutiendaonline.com\/home\/wp-json\/wp\/v2\/product"}],"about":[{"href":"https:\/\/abiutiendaonline.com\/home\/wp-json\/wp\/v2\/types\/product"}],"replies":[{"embeddable":true,"href":"https:\/\/abiutiendaonline.com\/home\/wp-json\/wp\/v2\/comments?post=5143"}],"wp:featuredmedia":[{"embeddable":true,"href":"https:\/\/abiutiendaonline.com\/home\/wp-json\/wp\/v2\/media\/5145"}],"wp:attachment":[{"href":"https:\/\/abiutiendaonline.com\/home\/wp-json\/wp\/v2\/media?parent=5143"}],"wp:term":[{"taxonomy":"product_brand","embeddable":true,"href":"https:\/\/abiutiendaonline.com\/home\/wp-json\/wp\/v2\/product_brand?post=5143"},{"taxonomy":"product_cat","embeddable":true,"href":"https:\/\/abiutiendaonline.com\/home\/wp-json\/wp\/v2\/product_cat?post=5143"},{"taxonomy":"product_tag","embeddable":true,"href":"https:\/\/abiutiendaonline.com\/home\/wp-json\/wp\/v2\/product_tag?post=5143"}],"curies":[{"name":"wp","href":"https:\/\/api.w.org\/{rel}","templated":true}]}}