{"id":5310,"date":"2025-04-30T03:39:59","date_gmt":"2025-04-30T03:39:59","guid":{"rendered":"https:\/\/abiutiendaonline.com\/home\/?post_type=product&#038;p=5310"},"modified":"2025-10-03T18:19:21","modified_gmt":"2025-10-03T18:19:21","slug":"blusa-cuello-bandeja-negra-mar-copia","status":"publish","type":"product","link":"https:\/\/abiutiendaonline.com\/home\/producto\/blusa-cuello-bandeja-negra-mar-copia\/","title":{"rendered":"Blusa Cuello Bandeja Negra Mar"},"content":{"rendered":"<p>\ud83d\udc96\u00a0 Blusa cuello bandeja Negra<br \/>\nTalla: S M<br \/>\nMaterial: Rib Licrado<br \/>\nManga Larga<br \/>\nSilueta al cuerpo<br \/>\nLargo: 45ms<br \/>\n-Producto 100% Colombiano<br \/>\n\u2013 La modelo esta usando una talla S, mide 1,65<\/p>\n<p>\ud83d\ude9b\u00a0Env\u00edos a todo Colombia<\/p>\n<p>\u2013 Ciudades principales de 1 a 4 d\u00edas h\u00e1biles.<br \/>\n\u2013 Resto del pa\u00eds de 3 a 8 d\u00edas h\u00e1biles.<\/p>\n<p><strong><a href=\"https:\/\/api.whatsapp.com\/send?phone=573124681462\" target=\"_blank\" rel=\"noopener\">\ud83d\udcf2\u00a0Compra por Whatsapp!<\/a><\/strong><\/p>\n","protected":false},"excerpt":{"rendered":"<p>Blusa cuello bandeja Negra by Abi\u00fa. Es una pieza de tendencia para esta temporada. Combinala con jeans, faldas o shorts.<\/p>\n<p>&nbsp;<\/p>\n<p>&nbsp;<\/p>\n","protected":false},"featured_media":3437,"comment_status":"open","ping_status":"closed","template":"","meta":{"_monsterinsights_skip_tracking":false,"_monsterinsights_sitenote_active":false,"_monsterinsights_sitenote_note":"","_monsterinsights_sitenote_category":0},"product_brand":[],"product_cat":[18,265],"product_tag":[111,48,112,113,21,27,28,29,30,35],"class_list":{"0":"post-5310","1":"product","2":"type-product","3":"status-publish","4":"has-post-thumbnail","6":"product_cat-blusas-y-tops","7":"product_cat-tendencias","8":"product_tag-blusa-corta","9":"product_tag-blusa-cuello-bandeja","10":"product_tag-blusa-terracota","11":"product_tag-blusas-de-moda","12":"product_tag-moda","13":"product_tag-moda-colombia","14":"product_tag-moda-juvenil","15":"product_tag-moda-mujer","16":"product_tag-moda-online-colombia","17":"product_tag-ropa-juvenil","19":"first","20":"instock","21":"taxable","22":"shipping-taxable","23":"purchasable","24":"product-type-variable"},"_links":{"self":[{"href":"https:\/\/abiutiendaonline.com\/home\/wp-json\/wp\/v2\/product\/5310","targetHints":{"allow":["GET"]}}],"collection":[{"href":"https:\/\/abiutiendaonline.com\/home\/wp-json\/wp\/v2\/product"}],"about":[{"href":"https:\/\/abiutiendaonline.com\/home\/wp-json\/wp\/v2\/types\/product"}],"replies":[{"embeddable":true,"href":"https:\/\/abiutiendaonline.com\/home\/wp-json\/wp\/v2\/comments?post=5310"}],"wp:featuredmedia":[{"embeddable":true,"href":"https:\/\/abiutiendaonline.com\/home\/wp-json\/wp\/v2\/media\/3437"}],"wp:attachment":[{"href":"https:\/\/abiutiendaonline.com\/home\/wp-json\/wp\/v2\/media?parent=5310"}],"wp:term":[{"taxonomy":"product_brand","embeddable":true,"href":"https:\/\/abiutiendaonline.com\/home\/wp-json\/wp\/v2\/product_brand?post=5310"},{"taxonomy":"product_cat","embeddable":true,"href":"https:\/\/abiutiendaonline.com\/home\/wp-json\/wp\/v2\/product_cat?post=5310"},{"taxonomy":"product_tag","embeddable":true,"href":"https:\/\/abiutiendaonline.com\/home\/wp-json\/wp\/v2\/product_tag?post=5310"}],"curies":[{"name":"wp","href":"https:\/\/api.w.org\/{rel}","templated":true}]}}