{"id":6338,"date":"2026-04-13T17:17:14","date_gmt":"2026-04-13T17:17:14","guid":{"rendered":"https:\/\/abiutiendaonline.com\/home\/?post_type=product&#038;p=6338"},"modified":"2026-04-13T23:09:30","modified_gmt":"2026-04-13T23:09:30","slug":"vestido-corto-cebra","status":"publish","type":"product","link":"https:\/\/abiutiendaonline.com\/home\/producto\/vestido-corto-cebra\/","title":{"rendered":"Vestido Corto Cebra"},"content":{"rendered":"<p>\ud83d\udc96 Vestido corto Cebra (incluye cintur\u00f3n)<\/p>\n<p>-Material: Acetato (Tela super licrada)<br \/>\n-Talla: \u00fanica, se ajusta a una talla S M L (Revisa la tabla de medidas)<br \/>\n-Color: Base cafe, Estampado cebra<br \/>\n-Largo manga: 65cms<br \/>\n-Largo vestido: 82cms<br \/>\n-Estilo: corto, escote en V<br \/>\n-Producto 100% Colombiano<\/p>\n<p>\ud83d\ude9b\u00a0Env\u00edos a todo Colombia<\/p>\n<p>\u2013 Ciudades principales de 1 a 4 d\u00edas h\u00e1biles.<br \/>\n\u2013 Resto del pa\u00eds de 3 a 8 d\u00edas h\u00e1biles.<\/p>\n<p><strong><a href=\"https:\/\/api.whatsapp.com\/send?phone=573124681462\" target=\"_blank\" rel=\"noopener\">\ud83d\udcf2\u00a0Compra por Whatsapp!<\/a><\/strong><\/p>\n","protected":false},"excerpt":{"rendered":"<p style=\"padding-left: 40px;\">Un vestido hermoso con estampado de tendencia, que te har\u00e1 brillar. Comb\u00ednalo con tenis, botines, chaquetas, gabanes entre otros, perfecto para tus looks casuales y formales.<\/p>\n","protected":false},"featured_media":6344,"comment_status":"open","ping_status":"closed","template":"","meta":{"_monsterinsights_skip_tracking":false,"_monsterinsights_sitenote_active":false,"_monsterinsights_sitenote_note":"","_monsterinsights_sitenote_category":0},"product_brand":[],"product_cat":[463,265,84],"product_tag":[132,133,21,27,28,30,272,137,138,35,135,136,139,474,123,475,443],"class_list":{"0":"post-6338","1":"product","2":"type-product","3":"status-publish","4":"has-post-thumbnail","6":"product_cat-lo-nuevo","7":"product_cat-tendencias","8":"product_cat-vestidos","9":"product_tag-comprar-ropa-online","10":"product_tag-comprar-ropa-online-barata","11":"product_tag-moda","12":"product_tag-moda-colombia","13":"product_tag-moda-juvenil","14":"product_tag-moda-online-colombia","15":"product_tag-rebajas","16":"product_tag-ropa-de-moda","17":"product_tag-ropa-en-linea","18":"product_tag-ropa-juvenil","19":"product_tag-ropa-online-barata-mujer","20":"product_tag-ropa-online-mujer","21":"product_tag-tienda-de-ropa-online","22":"product_tag-vestido-cebra","23":"product_tag-vestido-corto","24":"product_tag-vestido-zebra","25":"product_tag-vestidos-mujer","27":"first","28":"instock","29":"taxable","30":"shipping-taxable","31":"purchasable","32":"product-type-variable"},"_links":{"self":[{"href":"https:\/\/abiutiendaonline.com\/home\/wp-json\/wp\/v2\/product\/6338","targetHints":{"allow":["GET"]}}],"collection":[{"href":"https:\/\/abiutiendaonline.com\/home\/wp-json\/wp\/v2\/product"}],"about":[{"href":"https:\/\/abiutiendaonline.com\/home\/wp-json\/wp\/v2\/types\/product"}],"replies":[{"embeddable":true,"href":"https:\/\/abiutiendaonline.com\/home\/wp-json\/wp\/v2\/comments?post=6338"}],"wp:featuredmedia":[{"embeddable":true,"href":"https:\/\/abiutiendaonline.com\/home\/wp-json\/wp\/v2\/media\/6344"}],"wp:attachment":[{"href":"https:\/\/abiutiendaonline.com\/home\/wp-json\/wp\/v2\/media?parent=6338"}],"wp:term":[{"taxonomy":"product_brand","embeddable":true,"href":"https:\/\/abiutiendaonline.com\/home\/wp-json\/wp\/v2\/product_brand?post=6338"},{"taxonomy":"product_cat","embeddable":true,"href":"https:\/\/abiutiendaonline.com\/home\/wp-json\/wp\/v2\/product_cat?post=6338"},{"taxonomy":"product_tag","embeddable":true,"href":"https:\/\/abiutiendaonline.com\/home\/wp-json\/wp\/v2\/product_tag?post=6338"}],"curies":[{"name":"wp","href":"https:\/\/api.w.org\/{rel}","templated":true}]}}