{"id":6400,"date":"2026-04-14T00:04:17","date_gmt":"2026-04-14T00:04:17","guid":{"rendered":"https:\/\/abiutiendaonline.com\/home\/?post_type=product&#038;p=6400"},"modified":"2026-04-14T00:06:13","modified_gmt":"2026-04-14T00:06:13","slug":"body-mesh-verde","status":"publish","type":"product","link":"https:\/\/abiutiendaonline.com\/home\/producto\/body-mesh-verde\/","title":{"rendered":"Body Mesh Verde"},"content":{"rendered":"<p>\ud83d\udc96 Body Mesh Verde<br \/>\nTalla: U (Se ajusta a una talla S M L)<br \/>\nMaterial: Malla Licrada, tiene una excelente elongaci\u00f3n, por lo que estira bastante y se ajusta a una talla S M L, viene forrado con licra en la parte de adelante y atras.<br \/>\nManga: Larga<br \/>\nSilueta al cuerpo<br \/>\nBroche ajustable<\/p>\n<p>-Producto 100% Colombiano<\/p>\n<p>\ud83d\ude9b\u00a0Env\u00edos a todo Colombia<\/p>\n<p>\u2013 Ciudades principales de 1 a 4 d\u00edas h\u00e1biles.<br \/>\n\u2013 Resto del pa\u00eds de 3 a 8 d\u00edas h\u00e1biles.<\/p>\n<p><strong><a href=\"https:\/\/api.whatsapp.com\/send?phone=573124681462\" target=\"_blank\" rel=\"noopener\">\ud83d\udcf2\u00a0Compra por Whatsapp!<\/a><\/strong><\/p>\n<p>&nbsp;<\/p>\n","protected":false},"excerpt":{"rendered":"<div class=\"prd-information mbl prm\">\n<p>Este body en mesh es una tendencia que no podr\u00e1s dejar pasar en tu closet! Los bodys son una pieza vers\u00e1til que podemos combinar con jeans, faldas o shorts.<\/p>\n<\/div>\n","protected":false},"featured_media":6404,"comment_status":"open","ping_status":"closed","template":"","meta":{"_monsterinsights_skip_tracking":false,"_monsterinsights_sitenote_active":false,"_monsterinsights_sitenote_note":"","_monsterinsights_sitenote_category":0},"product_brand":[],"product_cat":[66,463,265],"product_tag":[461,70,76,71,77,462,21,27,28,29,30,35],"class_list":{"0":"post-6400","1":"product","2":"type-product","3":"status-publish","4":"has-post-thumbnail","6":"product_cat-bodys","7":"product_cat-lo-nuevo","8":"product_cat-tendencias","9":"product_tag-body-mesh","10":"product_tag-bodys","11":"product_tag-bodys-cuello-tortuga","12":"product_tag-bodys-de-moda","13":"product_tag-bodys-negros","14":"product_tag-mesh","15":"product_tag-moda","16":"product_tag-moda-colombia","17":"product_tag-moda-juvenil","18":"product_tag-moda-mujer","19":"product_tag-moda-online-colombia","20":"product_tag-ropa-juvenil","22":"first","23":"instock","24":"taxable","25":"shipping-taxable","26":"purchasable","27":"product-type-variable"},"_links":{"self":[{"href":"https:\/\/abiutiendaonline.com\/home\/wp-json\/wp\/v2\/product\/6400","targetHints":{"allow":["GET"]}}],"collection":[{"href":"https:\/\/abiutiendaonline.com\/home\/wp-json\/wp\/v2\/product"}],"about":[{"href":"https:\/\/abiutiendaonline.com\/home\/wp-json\/wp\/v2\/types\/product"}],"replies":[{"embeddable":true,"href":"https:\/\/abiutiendaonline.com\/home\/wp-json\/wp\/v2\/comments?post=6400"}],"wp:featuredmedia":[{"embeddable":true,"href":"https:\/\/abiutiendaonline.com\/home\/wp-json\/wp\/v2\/media\/6404"}],"wp:attachment":[{"href":"https:\/\/abiutiendaonline.com\/home\/wp-json\/wp\/v2\/media?parent=6400"}],"wp:term":[{"taxonomy":"product_brand","embeddable":true,"href":"https:\/\/abiutiendaonline.com\/home\/wp-json\/wp\/v2\/product_brand?post=6400"},{"taxonomy":"product_cat","embeddable":true,"href":"https:\/\/abiutiendaonline.com\/home\/wp-json\/wp\/v2\/product_cat?post=6400"},{"taxonomy":"product_tag","embeddable":true,"href":"https:\/\/abiutiendaonline.com\/home\/wp-json\/wp\/v2\/product_tag?post=6400"}],"curies":[{"name":"wp","href":"https:\/\/api.w.org\/{rel}","templated":true}]}}