{"id":6412,"date":"2026-04-14T00:19:07","date_gmt":"2026-04-14T00:19:07","guid":{"rendered":"https:\/\/abiutiendaonline.com\/home\/?post_type=product&#038;p=6412"},"modified":"2026-04-14T00:20:47","modified_gmt":"2026-04-14T00:20:47","slug":"blusa-camisera-azul-cielo","status":"publish","type":"product","link":"https:\/\/abiutiendaonline.com\/home\/producto\/blusa-camisera-azul-cielo\/","title":{"rendered":"Blusa Camisera Azul cielo"},"content":{"rendered":"<p>\ud83d\udc96 Blusa camisera color Azul cielo<br \/>\nTalla: S M L<br \/>\nMaterial: Seda mango<br \/>\nManga larga<br \/>\nSilueta suelta<br \/>\n-Datos Modelo: Usa talla S, mide 1,59cms<br \/>\n-Producto 100% Colombiano<\/p>\n<p>\ud83d\ude9b\u00a0Env\u00edos a todo Colombia<\/p>\n<p>\u2013 Ciudades principales de 1 a 4 d\u00edas h\u00e1biles.<br \/>\n\u2013 Resto del pa\u00eds de 3 a 8 d\u00edas h\u00e1biles.<\/p>\n<p><strong><a href=\"https:\/\/api.whatsapp.com\/send?phone=573124681462\" target=\"_blank\" rel=\"noopener\">\ud83d\udcf2\u00a0Compra por Whatsapp!<\/a><\/strong><\/p>\n<p>&nbsp;<\/p>\n","protected":false},"excerpt":{"rendered":"<p>Una blusa camisera no puede faltar en tu closet, pues hace parte de las prendas b\u00e1sicas que todas debemos tener en nuestro closet! son perfectas para combinar con jeans, faldas, pantalones formales entre otros.<\/p>\n","protected":false},"featured_media":6418,"comment_status":"open","ping_status":"closed","template":"","meta":{"_monsterinsights_skip_tracking":false,"_monsterinsights_sitenote_active":false,"_monsterinsights_sitenote_note":"","_monsterinsights_sitenote_category":0},"product_brand":[],"product_cat":[266,18],"product_tag":[96,70,76,71,77,185,273,242,274,21,27,28,29,30,35],"class_list":{"0":"post-6412","1":"product","2":"type-product","3":"status-publish","4":"has-post-thumbnail","6":"product_cat-basicos","7":"product_cat-blusas-y-tops","8":"product_tag-blusa-negra","9":"product_tag-bodys","10":"product_tag-bodys-cuello-tortuga","11":"product_tag-bodys-de-moda","12":"product_tag-bodys-negros","13":"product_tag-camisetas","14":"product_tag-camisetas-estampadas","15":"product_tag-crop-tops","16":"product_tag-mensajes-motivadores","17":"product_tag-moda","18":"product_tag-moda-colombia","19":"product_tag-moda-juvenil","20":"product_tag-moda-mujer","21":"product_tag-moda-online-colombia","22":"product_tag-ropa-juvenil","24":"first","25":"instock","26":"taxable","27":"shipping-taxable","28":"purchasable","29":"product-type-variable"},"_links":{"self":[{"href":"https:\/\/abiutiendaonline.com\/home\/wp-json\/wp\/v2\/product\/6412","targetHints":{"allow":["GET"]}}],"collection":[{"href":"https:\/\/abiutiendaonline.com\/home\/wp-json\/wp\/v2\/product"}],"about":[{"href":"https:\/\/abiutiendaonline.com\/home\/wp-json\/wp\/v2\/types\/product"}],"replies":[{"embeddable":true,"href":"https:\/\/abiutiendaonline.com\/home\/wp-json\/wp\/v2\/comments?post=6412"}],"wp:featuredmedia":[{"embeddable":true,"href":"https:\/\/abiutiendaonline.com\/home\/wp-json\/wp\/v2\/media\/6418"}],"wp:attachment":[{"href":"https:\/\/abiutiendaonline.com\/home\/wp-json\/wp\/v2\/media?parent=6412"}],"wp:term":[{"taxonomy":"product_brand","embeddable":true,"href":"https:\/\/abiutiendaonline.com\/home\/wp-json\/wp\/v2\/product_brand?post=6412"},{"taxonomy":"product_cat","embeddable":true,"href":"https:\/\/abiutiendaonline.com\/home\/wp-json\/wp\/v2\/product_cat?post=6412"},{"taxonomy":"product_tag","embeddable":true,"href":"https:\/\/abiutiendaonline.com\/home\/wp-json\/wp\/v2\/product_tag?post=6412"}],"curies":[{"name":"wp","href":"https:\/\/api.w.org\/{rel}","templated":true}]}}