{"id":6442,"date":"2026-04-29T19:08:44","date_gmt":"2026-04-29T19:08:44","guid":{"rendered":"https:\/\/abiutiendaonline.com\/home\/?post_type=product&#038;p=6442"},"modified":"2026-04-29T19:29:12","modified_gmt":"2026-04-29T19:29:12","slug":"blusa-basica-manga-larga-negra","status":"publish","type":"product","link":"https:\/\/abiutiendaonline.com\/home\/producto\/blusa-basica-manga-larga-negra\/","title":{"rendered":"Blusa B\u00e1sica Manga Larga Negra"},"content":{"rendered":"<p>\ud83d\udc96 Blusa b\u00e1sica manga larga<br \/>\nTallas: S M L<br \/>\nMaterial: Licra (Acetato)<br \/>\nManga: Larga<br \/>\nSilueta al cuerpo<br \/>\nCuello redondo, doble tela en la parte de adelante<\/p>\n<p>-Producto 100% Colombiano<\/p>\n<p>\ud83d\ude9b\u00a0Env\u00edos a todo Colombia<\/p>\n<p>\u2013 Ciudades principales de 1 a 4 d\u00edas h\u00e1biles.<br \/>\n\u2013 Resto del pa\u00eds de 3 a 8 d\u00edas h\u00e1biles.<\/p>\n<p><strong><a href=\"https:\/\/api.whatsapp.com\/send?phone=573124681462\" target=\"_blank\" rel=\"noopener\">\ud83d\udcf2\u00a0Compra por Whatsapp!<\/a><\/strong><\/p>\n<p>&nbsp;<\/p>\n","protected":false},"excerpt":{"rendered":"<div class=\"prd-information mbl prm\">\n<p>Esta b\u00e1sica en color negro es un b\u00e1sico que no puedes dejar por fuera de tu closet! Con esta blusa podr\u00e1s crear innumerables looks tanto formales como casuales. Combina esta blusa con faldas, jeans o shorts.<\/p>\n<\/div>\n","protected":false},"featured_media":6444,"comment_status":"open","ping_status":"closed","template":"","meta":{"_monsterinsights_skip_tracking":false,"_monsterinsights_sitenote_active":false,"_monsterinsights_sitenote_note":"","_monsterinsights_sitenote_category":0},"product_brand":[],"product_cat":[266,18,463],"product_tag":[476,478,477,96,461,70,76,71,77,462,21,27,28,29,30,35],"class_list":{"0":"post-6442","1":"product","2":"type-product","3":"status-publish","4":"has-post-thumbnail","6":"product_cat-basicos","7":"product_cat-blusas-y-tops","8":"product_cat-lo-nuevo","9":"product_tag-basica","10":"product_tag-basica-manga-larga","11":"product_tag-basica-negra","12":"product_tag-blusa-negra","13":"product_tag-body-mesh","14":"product_tag-bodys","15":"product_tag-bodys-cuello-tortuga","16":"product_tag-bodys-de-moda","17":"product_tag-bodys-negros","18":"product_tag-mesh","19":"product_tag-moda","20":"product_tag-moda-colombia","21":"product_tag-moda-juvenil","22":"product_tag-moda-mujer","23":"product_tag-moda-online-colombia","24":"product_tag-ropa-juvenil","26":"first","27":"instock","28":"taxable","29":"shipping-taxable","30":"purchasable","31":"product-type-variable"},"_links":{"self":[{"href":"https:\/\/abiutiendaonline.com\/home\/wp-json\/wp\/v2\/product\/6442","targetHints":{"allow":["GET"]}}],"collection":[{"href":"https:\/\/abiutiendaonline.com\/home\/wp-json\/wp\/v2\/product"}],"about":[{"href":"https:\/\/abiutiendaonline.com\/home\/wp-json\/wp\/v2\/types\/product"}],"replies":[{"embeddable":true,"href":"https:\/\/abiutiendaonline.com\/home\/wp-json\/wp\/v2\/comments?post=6442"}],"wp:featuredmedia":[{"embeddable":true,"href":"https:\/\/abiutiendaonline.com\/home\/wp-json\/wp\/v2\/media\/6444"}],"wp:attachment":[{"href":"https:\/\/abiutiendaonline.com\/home\/wp-json\/wp\/v2\/media?parent=6442"}],"wp:term":[{"taxonomy":"product_brand","embeddable":true,"href":"https:\/\/abiutiendaonline.com\/home\/wp-json\/wp\/v2\/product_brand?post=6442"},{"taxonomy":"product_cat","embeddable":true,"href":"https:\/\/abiutiendaonline.com\/home\/wp-json\/wp\/v2\/product_cat?post=6442"},{"taxonomy":"product_tag","embeddable":true,"href":"https:\/\/abiutiendaonline.com\/home\/wp-json\/wp\/v2\/product_tag?post=6442"}],"curies":[{"name":"wp","href":"https:\/\/api.w.org\/{rel}","templated":true}]}}