{"id":6609,"date":"2026-04-29T23:02:29","date_gmt":"2026-04-29T23:02:29","guid":{"rendered":"https:\/\/abiutiendaonline.com\/home\/?post_type=product&#038;p=6609"},"modified":"2026-04-29T23:07:21","modified_gmt":"2026-04-29T23:07:21","slug":"chamarra-oversize","status":"publish","type":"product","link":"https:\/\/abiutiendaonline.com\/home\/producto\/chamarra-oversize\/","title":{"rendered":"Chamarra Oversize"},"content":{"rendered":"<p><img decoding=\"async\" class=\"emoji\" role=\"img\" draggable=\"false\" src=\"https:\/\/s.w.org\/images\/core\/emoji\/17.0.2\/svg\/1f496.svg\" alt=\"\ud83d\udc96\" \/> Chamarra oversize<br \/>\nTallas: \u00fanica se ajusta a una talla S M L<br \/>\nMaterial: Cuerotex<br \/>\nColores: caf\u00e9, negra y marfil<br \/>\nManga: Larga<br \/>\nSilueta Oversize, amplia<br \/>\nViene forrada, herrajes color plata<\/p>\n<p>-Producto 100% Colombiano<\/p>\n<p><img decoding=\"async\" class=\"emoji\" role=\"img\" draggable=\"false\" src=\"https:\/\/s.w.org\/images\/core\/emoji\/17.0.2\/svg\/1f69b.svg\" alt=\"\ud83d\ude9b\" \/>\u00a0Env\u00edos a todo Colombia<\/p>\n<p>\u2013 Ciudades principales de 1 a 4 d\u00edas h\u00e1biles.<br \/>\n\u2013 Resto del pa\u00eds de 3 a 8 d\u00edas h\u00e1biles.<\/p>\n<p><strong><a href=\"https:\/\/api.whatsapp.com\/send?phone=573124681462\" target=\"_blank\" rel=\"noopener\"><img decoding=\"async\" class=\"emoji\" role=\"img\" draggable=\"false\" src=\"https:\/\/s.w.org\/images\/core\/emoji\/17.0.2\/svg\/1f4f2.svg\" alt=\"\ud83d\udcf2\" \/>\u00a0Compra por Whatsapp!<\/a><\/strong><\/p>\n<p>&nbsp;<\/p>\n","protected":false},"excerpt":{"rendered":"<div class=\"prd-information mbl prm\">\n<p>Esta chaqueta esta demasiado Top, perfecta para elevar tus looks. Viene forrada, con bolsillos funcionales, perfecta para usar con tus jeans y faldas favoritas.<\/p>\n<\/div>\n","protected":false},"featured_media":6600,"comment_status":"open","ping_status":"closed","template":"","meta":{"_monsterinsights_skip_tracking":false,"_monsterinsights_sitenote_active":false,"_monsterinsights_sitenote_note":"","_monsterinsights_sitenote_category":0},"product_brand":[],"product_cat":[463,216,265],"product_tag":[487,486,489,230,236,485,167,484,488,21,27,28,29,30,35],"class_list":{"0":"post-6609","1":"product","2":"type-product","3":"status-publish","4":"has-post-thumbnail","6":"product_cat-lo-nuevo","7":"product_cat-chaquetas-y-chalecos","8":"product_cat-tendencias","9":"product_tag-chamarra-de-cuero-mujer","10":"product_tag-chamarra-de-mujer","11":"product_tag-chamarra-oversize","12":"product_tag-chaqueta","13":"product_tag-chaqueta-de-cuero","14":"product_tag-chaqueta-de-cuero-mujer","15":"product_tag-chaqueta-de-moda","16":"product_tag-chaqueta-de-mujer","17":"product_tag-chaqueta-oversize","18":"product_tag-moda","19":"product_tag-moda-colombia","20":"product_tag-moda-juvenil","21":"product_tag-moda-mujer","22":"product_tag-moda-online-colombia","23":"product_tag-ropa-juvenil","25":"first","26":"instock","27":"taxable","28":"shipping-taxable","29":"purchasable","30":"product-type-variable"},"_links":{"self":[{"href":"https:\/\/abiutiendaonline.com\/home\/wp-json\/wp\/v2\/product\/6609","targetHints":{"allow":["GET"]}}],"collection":[{"href":"https:\/\/abiutiendaonline.com\/home\/wp-json\/wp\/v2\/product"}],"about":[{"href":"https:\/\/abiutiendaonline.com\/home\/wp-json\/wp\/v2\/types\/product"}],"replies":[{"embeddable":true,"href":"https:\/\/abiutiendaonline.com\/home\/wp-json\/wp\/v2\/comments?post=6609"}],"wp:featuredmedia":[{"embeddable":true,"href":"https:\/\/abiutiendaonline.com\/home\/wp-json\/wp\/v2\/media\/6600"}],"wp:attachment":[{"href":"https:\/\/abiutiendaonline.com\/home\/wp-json\/wp\/v2\/media?parent=6609"}],"wp:term":[{"taxonomy":"product_brand","embeddable":true,"href":"https:\/\/abiutiendaonline.com\/home\/wp-json\/wp\/v2\/product_brand?post=6609"},{"taxonomy":"product_cat","embeddable":true,"href":"https:\/\/abiutiendaonline.com\/home\/wp-json\/wp\/v2\/product_cat?post=6609"},{"taxonomy":"product_tag","embeddable":true,"href":"https:\/\/abiutiendaonline.com\/home\/wp-json\/wp\/v2\/product_tag?post=6609"}],"curies":[{"name":"wp","href":"https:\/\/api.w.org\/{rel}","templated":true}]}}