{"id":955,"date":"2022-10-12T18:17:46","date_gmt":"2022-10-12T18:17:46","guid":{"rendered":"https:\/\/abiutiendaonline.com\/home\/?post_type=product&#038;p=955"},"modified":"2024-05-29T23:34:33","modified_gmt":"2024-05-29T23:34:33","slug":"body-elena-negro","status":"publish","type":"product","link":"https:\/\/abiutiendaonline.com\/home\/producto\/body-elena-negro\/","title":{"rendered":"Body Elena Negro"},"content":{"rendered":"<p>\ud83d\udc96 Body Elena Negro<br \/>\nTalla: U (Se ajusta a una talla S o M)<br \/>\nMaterial: Licra<br \/>\nManga siza<br \/>\nSilueta al cuerpo<br \/>\nBroche ajustable<br \/>\n-Datos Modelo: Usa talla S, mide 174 cms<br \/>\n-Producto 100% Colombiano<\/p>\n<p>\ud83d\ude9b\u00a0Env\u00edos a todo Colombia<\/p>\n<p>\u2013 Ciudades principales de 1 a 4 d\u00edas h\u00e1biles.<br \/>\n\u2013 Resto del pa\u00eds de 3 a 8 d\u00edas h\u00e1biles.<\/p>\n<p><strong><a href=\"https:\/\/api.whatsapp.com\/send?phone=573124681462\" target=\"_blank\" rel=\"noopener\">\ud83d\udcf2\u00a0Compra por Whatsapp!<\/a><\/strong><\/p>\n<p>&nbsp;<\/p>\n","protected":false},"excerpt":{"rendered":"<div class=\"prd-information mbl prm\">\n<p>Los bodys son una pieza vers\u00e1til que podemos combinar con jeans, faldas o shorts.<\/p>\n<\/div>\n","protected":false},"featured_media":957,"comment_status":"open","ping_status":"closed","template":"","meta":{"_monsterinsights_skip_tracking":false,"_monsterinsights_sitenote_active":false,"_monsterinsights_sitenote_note":"","_monsterinsights_sitenote_category":0},"product_brand":[],"product_cat":[266,66],"product_tag":[70,76,71,77,21,27,28,29,30,35],"class_list":{"0":"post-955","1":"product","2":"type-product","3":"status-publish","4":"has-post-thumbnail","6":"product_cat-basicos","7":"product_cat-bodys","8":"product_tag-bodys","9":"product_tag-bodys-cuello-tortuga","10":"product_tag-bodys-de-moda","11":"product_tag-bodys-negros","12":"product_tag-moda","13":"product_tag-moda-colombia","14":"product_tag-moda-juvenil","15":"product_tag-moda-mujer","16":"product_tag-moda-online-colombia","17":"product_tag-ropa-juvenil","19":"first","20":"instock","21":"taxable","22":"shipping-taxable","23":"purchasable","24":"product-type-variable"},"_links":{"self":[{"href":"https:\/\/abiutiendaonline.com\/home\/wp-json\/wp\/v2\/product\/955","targetHints":{"allow":["GET"]}}],"collection":[{"href":"https:\/\/abiutiendaonline.com\/home\/wp-json\/wp\/v2\/product"}],"about":[{"href":"https:\/\/abiutiendaonline.com\/home\/wp-json\/wp\/v2\/types\/product"}],"replies":[{"embeddable":true,"href":"https:\/\/abiutiendaonline.com\/home\/wp-json\/wp\/v2\/comments?post=955"}],"wp:featuredmedia":[{"embeddable":true,"href":"https:\/\/abiutiendaonline.com\/home\/wp-json\/wp\/v2\/media\/957"}],"wp:attachment":[{"href":"https:\/\/abiutiendaonline.com\/home\/wp-json\/wp\/v2\/media?parent=955"}],"wp:term":[{"taxonomy":"product_brand","embeddable":true,"href":"https:\/\/abiutiendaonline.com\/home\/wp-json\/wp\/v2\/product_brand?post=955"},{"taxonomy":"product_cat","embeddable":true,"href":"https:\/\/abiutiendaonline.com\/home\/wp-json\/wp\/v2\/product_cat?post=955"},{"taxonomy":"product_tag","embeddable":true,"href":"https:\/\/abiutiendaonline.com\/home\/wp-json\/wp\/v2\/product_tag?post=955"}],"curies":[{"name":"wp","href":"https:\/\/api.w.org\/{rel}","templated":true}]}}