{"id":958,"date":"2022-10-12T18:21:55","date_gmt":"2022-10-12T18:21:55","guid":{"rendered":"https:\/\/abiutiendaonline.com\/home\/?post_type=product&#038;p=958"},"modified":"2024-05-29T23:33:19","modified_gmt":"2024-05-29T23:33:19","slug":"body-cuello-alto-mostaza","status":"publish","type":"product","link":"https:\/\/abiutiendaonline.com\/home\/producto\/body-cuello-alto-mostaza\/","title":{"rendered":"Body cuello alto mostaza"},"content":{"rendered":"<p>\ud83d\udc96 Body cuello alto mostaza abi\u00fa<br \/>\nTalla: U (Se ajusta a una talla S o M)<br \/>\nMaterial: Licra algod\u00f3n<br \/>\nManga larga<br \/>\nSilueta al cuerpo<br \/>\nBroche ajustable<br \/>\n-Datos Modelo: Usa talla S, mide 174 cms<br \/>\n-Producto 100% Colombiano<\/p>\n<p>\ud83d\ude9b\u00a0Env\u00edos a todo Colombia<\/p>\n<p>\u2013 Ciudades principales de 1 a 4 d\u00edas h\u00e1biles.<br \/>\n\u2013 Resto del pa\u00eds de 3 a 8 d\u00edas h\u00e1biles.<\/p>\n<p><strong><a href=\"https:\/\/api.whatsapp.com\/send?phone=573124681462\" target=\"_blank\" rel=\"noopener\">\ud83d\udcf2\u00a0Compra por Whatsapp!<\/a><\/strong><\/p>\n<p>&nbsp;<\/p>\n","protected":false},"excerpt":{"rendered":"<div class=\"prd-information mbl prm\">\n<p>Un body en colores neutros siempre ser\u00e1 un infaltable en nuestro closet!<\/p>\n<\/div>\n","protected":false},"featured_media":960,"comment_status":"open","ping_status":"closed","template":"","meta":{"_monsterinsights_skip_tracking":false,"_monsterinsights_sitenote_active":false,"_monsterinsights_sitenote_note":"","_monsterinsights_sitenote_category":0},"product_brand":[],"product_cat":[66],"product_tag":[70,76,71,77,21,27,28,29,30,35],"class_list":{"0":"post-958","1":"product","2":"type-product","3":"status-publish","4":"has-post-thumbnail","6":"product_cat-bodys","7":"product_tag-bodys","8":"product_tag-bodys-cuello-tortuga","9":"product_tag-bodys-de-moda","10":"product_tag-bodys-negros","11":"product_tag-moda","12":"product_tag-moda-colombia","13":"product_tag-moda-juvenil","14":"product_tag-moda-mujer","15":"product_tag-moda-online-colombia","16":"product_tag-ropa-juvenil","18":"first","19":"instock","20":"taxable","21":"shipping-taxable","22":"purchasable","23":"product-type-variable"},"_links":{"self":[{"href":"https:\/\/abiutiendaonline.com\/home\/wp-json\/wp\/v2\/product\/958","targetHints":{"allow":["GET"]}}],"collection":[{"href":"https:\/\/abiutiendaonline.com\/home\/wp-json\/wp\/v2\/product"}],"about":[{"href":"https:\/\/abiutiendaonline.com\/home\/wp-json\/wp\/v2\/types\/product"}],"replies":[{"embeddable":true,"href":"https:\/\/abiutiendaonline.com\/home\/wp-json\/wp\/v2\/comments?post=958"}],"wp:featuredmedia":[{"embeddable":true,"href":"https:\/\/abiutiendaonline.com\/home\/wp-json\/wp\/v2\/media\/960"}],"wp:attachment":[{"href":"https:\/\/abiutiendaonline.com\/home\/wp-json\/wp\/v2\/media?parent=958"}],"wp:term":[{"taxonomy":"product_brand","embeddable":true,"href":"https:\/\/abiutiendaonline.com\/home\/wp-json\/wp\/v2\/product_brand?post=958"},{"taxonomy":"product_cat","embeddable":true,"href":"https:\/\/abiutiendaonline.com\/home\/wp-json\/wp\/v2\/product_cat?post=958"},{"taxonomy":"product_tag","embeddable":true,"href":"https:\/\/abiutiendaonline.com\/home\/wp-json\/wp\/v2\/product_tag?post=958"}],"curies":[{"name":"wp","href":"https:\/\/api.w.org\/{rel}","templated":true}]}}