{"id":982,"date":"2022-10-12T19:18:02","date_gmt":"2022-10-12T19:18:02","guid":{"rendered":"https:\/\/abiutiendaonline.com\/home\/?post_type=product&#038;p=982"},"modified":"2022-10-13T17:08:49","modified_gmt":"2022-10-13T17:08:49","slug":"camiseta-estampada-soy-poderosa","status":"publish","type":"product","link":"https:\/\/abiutiendaonline.com\/home\/producto\/camiseta-estampada-soy-poderosa\/","title":{"rendered":"Camiseta estampada Soy poderosa"},"content":{"rendered":"<p>\ud83d\udc96 Camiseta b\u00e1sica estampada<br \/>\nTalla: S M L<br \/>\nMaterial: Licra Algod\u00f3n<br \/>\nManga corta<br \/>\nSilueta suelta<br \/>\nLargo: Talla S 49cms &#8211; Talla M 50cms &#8211; Talla L 51cms<br \/>\n-Datos Modelo: Usa talla S, mide 158cms<br \/>\n-Producto 100% Colombiano<\/p>\n<p>\ud83d\ude9b\u00a0Env\u00edos a todo Colombia<\/p>\n<p>\u2013 Ciudades principales de 1 a 4 d\u00edas h\u00e1biles.<br \/>\n\u2013 Resto del pa\u00eds de 3 a 8 d\u00edas h\u00e1biles.<\/p>\n<p><strong><a href=\"https:\/\/api.whatsapp.com\/send?phone=573124681462\" target=\"_blank\" rel=\"noopener\">\ud83d\udcf2\u00a0Compra por Whatsapp!<\/a><\/strong><\/p>\n<p>\u27a1\u00a0Tienes alguna pregunta?<\/p>\n<p>[btn text=\u00bbPregunta aqu\u00ed!\u00bb tcolor=efdad3 bcolor=efdad3 thovercolor=#FFF link=\u00bbhttps:\/\/api.whatsapp.com\/send?phone=573124681462\u2033 target=\u00bb_self\u00bb]<\/p>\n","protected":false},"excerpt":{"rendered":"<p>Las b\u00e1sicas estampadas son un MUST en nuestro closet, con ellas podemos armar looks desde deportivos hasta semi formales.<\/p>\n","protected":false},"featured_media":981,"comment_status":"open","ping_status":"closed","template":"","meta":{"_monsterinsights_skip_tracking":false,"_monsterinsights_sitenote_active":false,"_monsterinsights_sitenote_note":"","_monsterinsights_sitenote_category":0},"product_brand":[],"product_cat":[266,184],"product_tag":[70,76,71,77,185,273,274,21,27,28,29,30,35],"class_list":{"0":"post-982","1":"product","2":"type-product","3":"status-publish","4":"has-post-thumbnail","6":"product_cat-basicos","7":"product_cat-camisetas","8":"product_tag-bodys","9":"product_tag-bodys-cuello-tortuga","10":"product_tag-bodys-de-moda","11":"product_tag-bodys-negros","12":"product_tag-camisetas","13":"product_tag-camisetas-estampadas","14":"product_tag-mensajes-motivadores","15":"product_tag-moda","16":"product_tag-moda-colombia","17":"product_tag-moda-juvenil","18":"product_tag-moda-mujer","19":"product_tag-moda-online-colombia","20":"product_tag-ropa-juvenil","22":"first","23":"instock","24":"taxable","25":"shipping-taxable","26":"purchasable","27":"product-type-variable"},"_links":{"self":[{"href":"https:\/\/abiutiendaonline.com\/home\/wp-json\/wp\/v2\/product\/982","targetHints":{"allow":["GET"]}}],"collection":[{"href":"https:\/\/abiutiendaonline.com\/home\/wp-json\/wp\/v2\/product"}],"about":[{"href":"https:\/\/abiutiendaonline.com\/home\/wp-json\/wp\/v2\/types\/product"}],"replies":[{"embeddable":true,"href":"https:\/\/abiutiendaonline.com\/home\/wp-json\/wp\/v2\/comments?post=982"}],"wp:featuredmedia":[{"embeddable":true,"href":"https:\/\/abiutiendaonline.com\/home\/wp-json\/wp\/v2\/media\/981"}],"wp:attachment":[{"href":"https:\/\/abiutiendaonline.com\/home\/wp-json\/wp\/v2\/media?parent=982"}],"wp:term":[{"taxonomy":"product_brand","embeddable":true,"href":"https:\/\/abiutiendaonline.com\/home\/wp-json\/wp\/v2\/product_brand?post=982"},{"taxonomy":"product_cat","embeddable":true,"href":"https:\/\/abiutiendaonline.com\/home\/wp-json\/wp\/v2\/product_cat?post=982"},{"taxonomy":"product_tag","embeddable":true,"href":"https:\/\/abiutiendaonline.com\/home\/wp-json\/wp\/v2\/product_tag?post=982"}],"curies":[{"name":"wp","href":"https:\/\/api.w.org\/{rel}","templated":true}]}}